{"id":3,"date":"2023-10-03T11:17:41","date_gmt":"2023-10-03T09:17:41","guid":{"rendered":"http:\/\/digama.wp4.mtncompany.cloud\/?page_id=3"},"modified":"2026-03-27T17:24:53","modified_gmt":"2026-03-27T16:24:53","slug":"privacy-policy","status":"publish","type":"page","link":"https:\/\/www.meccanicadigama.com\/it\/privacy-policy\/","title":{"rendered":"Privacy Policy"},"content":{"rendered":"<section  class='av_textblock_section av-lnd2y9ny-5a97b8f1586342177b7c843a0569d81d '   itemscope=\"itemscope\" itemtype=\"https:\/\/schema.org\/CreativeWork\" ><div class='avia_textblock'  itemprop=\"text\" ><h2>INFORMATIVA PRIVACY<\/h2>\n<p style=\"text-align: justify;\">In ottemperanza degli obblighi derivanti dalla normativa nazionale (D. Lgs 30 giugno 2003 n. 196, Codice in materia di protezione dei dati personali) e comunitaria, (Regolamento europeo per la protezione dei dati personali n. 679\/2016, GDPR) e successive modifiche, il presente sito rispetta e tutela la riservatezza dei visitatori e degli utenti, ponendo in essere ogni sforzo possibile e proporzionato per non ledere i diritti degli utenti.<\/p>\n<p style=\"text-align: justify;\">La presente\u00a0<strong>privacy policy<\/strong>\u00a0si applica esclusivamente alle attivit\u00e0 online del presente sito ed \u00e8 valida per i visitatori\/utenti del sito. Non si applica alle informazioni raccolte tramite canali diversi dal presente sito web. Lo scopo dell\u2019informativa privacy \u00e8 di fornire la massima trasparenza relativamente alle informazioni che il sito raccoglie e come le usa.<\/p>\n<p style=\"text-align: justify;\"><strong>Dati raccolti e finalit\u00e0<\/strong><br \/>\ninformazioni raccolte Come tutti i siti web anche il presente sito fa uso di log files nei quali vengono conservate informazioni raccolte in maniera automatizzata durante le visite degli utenti. Le informazioni raccolte potrebbero essere le seguenti:<\/p>\n<p style=\"text-align: justify;\">\u2013 indirizzo internet protocol (IP);<br \/>\n\u2013 tipo di browser e parametri del dispositivo usato per connettersi al sito;<br \/>\n\u2013 nome dell\u2019internet service provider (ISP);<br \/>\n\u2013 data e orario di visita;<br \/>\n\u2013 pagina web di provenienza del visitatore (referral) e di uscita;<br \/>\n\u2013 eventualmente il numero di click.<\/p>\n<p style=\"text-align: justify;\">Le suddette informazioni sono trattate in forma automatizzata e raccolte in forma esclusivamente aggregata al fine di verificare il corretto funzionamento del sito, e per motivi di sicurezza (dal 25 maggio 2018 tali informazioni saranno trattate in base ai legittimi interessi del titolare). A fini di sicurezza (filtri antispam, firewall, rilevazione virus), i dati registrati automaticamente possono eventualmente comprendere anche dati personali come l\u2019indirizzo Ip, che potrebbe essere utilizzato, conformemente alle leggi vigenti in materia, al fine di bloccare tentativi di danneggiamento al sito medesimo o di recare danno ad altri utenti, o comunque attivit\u00e0 dannose o costituenti reato. Tali dati non sono mai utilizzati per l\u2019identificazione o la profilazione dell\u2019utente, ma solo a fini di tutela del sito e dei suoi utenti (dal 25 maggio 2018 tali informazioni saranno trattate in base ai legittimi interessi del titolare).<\/p>\n<p style=\"text-align: justify;\">Qualora il sito consenta l\u2019inserimento di commenti, oppure in caso di specifici servizi richiesti dall\u2019utente, il sito rileva automaticamente e registra alcuni dati identificativi dell\u2019utente, compreso l\u2019indirizzo mail. Tali dati si intendono volontariamente forniti dall\u2019utente al momento della richiesta di erogazione del servizio. Inserendo un commento o altra informazione l\u2019utente accetta espressamente l\u2019informativa privacy, e in particolare acconsente che i contenuti inseriti siano liberamente diffusi anche a terzi.<\/p>\n<p style=\"text-align: justify;\">I dati ricevuti verranno utilizzati esclusivamente per l\u2019erogazione del servizio richiesto e per il solo tempo necessario per la fornitura del servizio. Le informazioni che gli utenti del sito riterranno di rendere pubbliche tramite i servizi e gli strumenti messi a disposizione degli stessi, sono fornite dall\u2019utente consapevolmente e volontariamente, esentando il presente sito da qualsiasi responsabilit\u00e0 in merito ad eventuali violazioni delle leggi. Spetta all\u2019utente verificare di avere i permessi per l\u2019immissione di dati personali di terzi o di contenuti tutelati dalle norme nazionali ed internazionali.<\/p>\n<p style=\"text-align: justify;\">I dati raccolti dal sito durante il suo funzionamento sono utilizzati esclusivamente per le finalit\u00e0 sopra indicate e conservati per il tempo strettamente necessario a svolgere le attivit\u00e0 precisate. In ogni caso i dati rilevati dal sito non saranno forniti mai a terzi, per nessuna ragione, a meno che non si tratti di legittima richiesta da parte dell\u2019autorit\u00e0 giudiziaria e nei soli casi previsti dalla legge.<\/p>\n<p style=\"text-align: justify;\"><strong>Cookie<\/strong><br \/>\nCome \u00e8 d\u2019uso su tutti i siti web, anche questo sito fa uso di cookies, piccoli file di testo che consentono di conservare informazioni sulle preferenze dei visitatori, per migliorare le funzionalit\u00e0 del sito, per semplificarne la navigazione automatizzando le procedure (es. Login, lingua sito) e per l\u2019analisi dell\u2019uso del sito.<\/p>\n<p style=\"text-align: justify;\">I cookie di sessione sono essenziali per poter distinguere tra gli utenti collegati, e sono utili per evitare che una funzionalit\u00e0 richiesta possa essere fornita all\u2019utente sbagliato, nonch\u00e9 per fini di sicurezza per impedire attacchi informatici al sito. I cookie di sessione non contengono dati personali e durano per la sola sessione in corso, cio\u00e8 fino alla chiusura del browser. Per essi non occorre consenso.<\/p>\n<p style=\"text-align: justify;\">I functionality cookie utilizzati dal sito sono strettamente necessari per l\u2019uso del sito, in particolare sono collegati ad una espressa richiesta di funzionalit\u00e0 da parte dell\u2019utente (come il Login), per i quali non occorre alcun consenso.<\/p>\n<p style=\"text-align: justify;\"><strong>Informazioni importanti<\/strong><br \/>\nUtilizzando il sito il visitatore acconsente espressamente all\u2019uso dei cookies.<\/p>\n<p style=\"text-align: justify;\"><strong>Disabilitazione cookie<\/strong><br \/>\nI cookies sono collegati al browser utilizzato e POSSONO ESSERE DISABILITATI DIRETTAMENTE DAL BROWSER, cos\u00ec rifiutando\/revocando il consenso all\u2019uso dei cookies. Occorre tenere presente che la disabilitazione dei cookies potrebbe impedire il corretto utilizzo di alcune funzioni del sito stesso.<br \/>\nLe istruzioni per la disabilitazione dei cookies si trovano alle seguenti pagine web:<br \/>\nMozilla Firefox \u2013 Microsoft Internet Explorer \u2013 Microsoft Edge \u2013 Google Chrome \u2013 Opera \u2013 Apple Safari<\/p>\n<p style=\"text-align: justify;\"><strong>Cookies di terze parti<\/strong><br \/>\nIl presente sito funge anche da intermediario per cookies di terze parti, utilizzati per poter fornire ulteriori servizi e funzionalit\u00e0 ai visitatori e per migliorare l\u2019uso del sito stesso, come i pulsanti per i social, oppure video. Questo sito non ha alcun controllo sui cookie delle terze parti, interamente gestiti dalle terze parti. In conseguenza di ci\u00f2 le informazioni sull\u2019uso dei detti cookies e sulle finalit\u00e0 degli stessi, nonch\u00e9 sulle modalit\u00e0 per l\u2019eventuale disabilitazione, sono fornite direttamente dalle terze parti alle pagine indicate di seguito.<\/p>\n<p style=\"text-align: justify;\">In particolare il presente sito utilizza cookies delle seguenti terze parti:<\/p>\n<p style=\"text-align: justify;\">\u2013 Google Analytics: uno strumento di analisi di Google che attraverso l\u2019uso di cookies (performance cookies), raccoglie dati di navigazione anonimi (IP troncati all\u2019ultimo ottetto) ed esclusivamente aggregati allo scopo di esaminare l\u2019uso del sito da parte degli utenti, compilare report sulle attivit\u00e0 nel sito e fornire altre informazioni, compreso il numero dei visitatori e le pagine visitate. Google pu\u00f2 anche trasferire queste informazioni a terzi ove ci\u00f2 sia imposto dalla legge o laddove tali terzi trattino le suddette informazioni per conto di Google. Google non assocer\u00e0 l\u2019indirizzo Ip a nessun altro dato posseduto da Google. I dati trasmessi a Google sono depositati presso i server di Google negli Stati Uniti.<\/p>\n<p style=\"text-align: justify;\">In base a specifico accordo con Google, che \u00e8 designato quale responsabile del trattamento dei dati, questi si impegna a trattare i dati in base alle richieste del Titolare (vedi in fondo all\u2019informativa), impartite tramite le impostazioni del software. In base a tali impostazioni le opzioni pubblicitarie e di condivisione dei dati sono disattive.<\/p>\n<p style=\"text-align: justify;\">Ulteriori informazioni sui cookies di Google Analytics si trovano alla pagina Google Analytics Cookie Usage on Websites.<\/p>\n<p style=\"text-align: justify;\">scelte e obblighi L\u2019utente pu\u00f2 disabilitare in modo selettivo la raccolta di dati da parte di Google Analytics installando sul proprio browser l\u2019apposito componente fornito da Google (opt out).<\/p>\n<p style=\"text-align: justify;\">\u2013 Youtube: una piattaforma di propriet\u00e0 di Google, per la condivisione di video, che utilizza cookie per raccogliere informazioni degli utenti e dei dispositivi di navigazione. I video presenti nel sito non veicolano cookie all\u2019accesso della pagina, essendo stata impostata l\u2019opzione \u201cprivacy avanzata (no cookie)\u201d in base alla quale YouTube non memorizza le informazioni sui visitatori a meno che essi non riproducano volontariamente il video.<\/p>\n<p style=\"text-align: justify;\">Per ulteriori informazioni sull\u2019uso dei dati e sul loro trattamento da parte di Google si raccomanda di prendere visione delle informazioni all\u2019apposita pagina predisposta da Google, e alla pagina sulle Modalit\u00e0 di utilizzo dei dati da parte di Google quando si utilizzano siti o app dei partner.<\/p>\n<p style=\"text-align: justify;\"><strong>Plugin Social Network<\/strong><br \/>\nIl presente sito incorpora anche plugin e\/o bottoni per i social network, al fine di consentire una facile condivisione dei contenuti sui vostri social network preferiti. Tali plugin sono programmati in modo da non impostare alcun cookie all\u2019accesso della pagina, per salvaguardare la privacy degli utenti. Eventualmente i cookie vengono impostati, se cos\u00ec previsto dai social network, solo quando l\u2019utente fa effettivo e volontario uso del plugin. Si tenga presente che se l\u2019utente naviga essendo loggato nel social network allora ha gi\u00e0 acconsentito all\u2019uso dei cookie veicolati tramite questo sito al momento dell\u2019iscrizione al social network.<\/p>\n<p style=\"text-align: justify;\">La raccolta e l\u2019uso delle informazioni ottenute a mezzo del plugin sono regolati dalle rispettive informative privacy dei social network, alle quali si prega di fare riferimento.<\/p>\n<p style=\"text-align: justify;\">Trasferimento di dati in paesi extra UE<\/p>\n<p style=\"text-align: justify;\"><strong>Informazioni importanti<\/strong><br \/>\nIl presente sito potrebbe condividere alcuni dei dati raccolti con servizi localizzati al di fuori dell\u2019area dell\u2019Unione Europea. In particolare con Google, Facebook e Microsoft (LinkedIn) tramite i social plugin e il servizio di Google Analytics. Il trasferimento \u00e8 autorizzato in base a specifiche decisioni dell\u2019Unione Europea e del Garante per la tutela dei dati personali, in particolare la decisione 1250\/2016 (Privacy Shield \u2013 qui la pagina informativa del Garante italiano), per cui non occorre ulteriore consenso. Le aziende sopra menzionate garantiscono la propria adesione al Privacy Shield.<\/p>\n<p style=\"text-align: justify;\"><strong>Misure di sicurezza<\/strong><br \/>\nIl presente sito tratta i dati degli utenti in maniera lecita e corretta, adottando le opportune misure di sicurezza volte ad impedire accessi non autorizzati, divulgazione, modifica o distruzione non autorizzata dei dati. Il trattamento viene effettuato mediante strumenti informatici e\/o telematici, con modalit\u00e0 organizzative e con logiche strettamente correlate alle finalit\u00e0 indicate. Oltre al titolare, in alcuni casi, potrebbero avere accesso ai dati categorie di incaricati coinvolti nell\u2019organizzazione del sito (personale amministrativo, commerciale, marketing, legali, amministratori di sistema) ovvero soggetti esterni (come fornitori di servizi tecnici terzi, corrieri postali, hosting provider, societ\u00e0 informatiche, agenzie di comunicazione).<\/p>\n<p style=\"text-align: justify;\"><strong>Diritti dell\u2019utente<\/strong><br \/>\nAi sensi del Regolamento europeo 679\/2016 (GDPR) e della normativa nazionale, l\u2019Utente pu\u00f2, secondo le modalit\u00e0 e nei limiti previsti dalla vigente normativa, esercitare i seguenti diritti:<\/p>\n<p style=\"text-align: justify;\">\u2013 richiedere la conferma dell\u2019esistenza di dati personali che lo riguardano (diritto di accesso);<br \/>\n\u2013 conoscerne l\u2019origine;<br \/>\n\u2013 riceverne comunicazione intelligibile;<br \/>\n\u2013 avere informazioni circa la logica, le modalit\u00e0 e le finalit\u00e0 del trattamento;<br \/>\n\u2013 richiederne l\u2019aggiornamento, la rettifica, l\u2019integrazione, la cancellazione, la trasformazione in forma anonima, il blocco dei dati trattati in violazione di legge, ivi compresi quelli non pi\u00f9 necessari al perseguimento degli scopi per i quali sono stati raccolti;<br \/>\n\u2013 nei casi di trattamento basato su consenso, ricevere al solo costo dell\u2019eventuale supporto, i suoi dati forniti al titolare, in forma strutturata e leggibile da un elaboratore di dati e in un formato comunemente usato da un dispositivo elettronico;<br \/>\n\u2013 il diritto di presentare un reclamo all\u2019Autorit\u00e0 di controllo (Garante Privacy \u2013 link alla pagina del Garante);<br \/>\n\u2013 nonch\u00e9, pi\u00f9 in generale, esercitare tutti i diritti che gli sono riconosciuti dalle vigenti disposizioni di legge.<\/p>\n<p style=\"text-align: justify;\">Le richieste vanno rivolte al Titolare del trattamento.<br \/>\nNel caso in cui i dati siano trattati in base ai legittimi interessi sono comunque garantiti i diritti degli interessati al trattamento (tranne il diritto alla portabilit\u00e0 che non \u00e8 previsto dalle norme), in particolare il diritto di opposizione al trattamento che pu\u00f2 essere esercitato inviando una richiesta al titolare del trattamento.<\/p>\n<p style=\"text-align: justify;\"><strong>Titolare del trattamento<\/strong><br \/>\nTitolare del trattamento ai sensi delle leggi vigenti \u00e8:<br \/>\n<strong>Digama s.r.l., Via Oreste Forgione,26 &#8211; 84010 San Valentino Torio (SA) \u2013 P.Iva e C.F. 0378861 065 1<\/strong><\/p>\n<p><!--more--><\/p>\n<\/div><\/section>\n","protected":false},"excerpt":{"rendered":"<p>INFORMATIVA PRIVACY In ottemperanza degli obblighi derivanti dalla normativa nazionale (D. Lgs 30 giugno 2003 n. 196, Codice in materia di protezione dei dati personali) e comunitaria, (Regolamento europeo per la protezione dei dati personali n. 679\/2016, GDPR) e successive modifiche, il presente sito rispetta e tutela la riservatezza dei visitatori e degli utenti, ponendo [&hellip;]<\/p>\n","protected":false},"author":1,"featured_media":0,"parent":0,"menu_order":0,"comment_status":"closed","ping_status":"open","template":"","meta":{"footnotes":""},"class_list":["post-3","page","type-page","status-publish","hentry"],"yoast_head":"<!-- This site is optimized with the Yoast SEO plugin v26.3 - https:\/\/yoast.com\/wordpress\/plugins\/seo\/ -->\n<title>Privacy Policy - Meccanica Digama<\/title>\n<meta name=\"robots\" content=\"index, follow, max-snippet:-1, max-image-preview:large, max-video-preview:-1\" \/>\n<link rel=\"canonical\" href=\"https:\/\/www.meccanicadigama.com\/it\/privacy-policy\/\" \/>\n<meta property=\"og:locale\" content=\"it_IT\" \/>\n<meta property=\"og:type\" content=\"article\" \/>\n<meta property=\"og:title\" content=\"Privacy Policy - Meccanica Digama\" \/>\n<meta property=\"og:description\" content=\"INFORMATIVA PRIVACY In ottemperanza degli obblighi derivanti dalla normativa nazionale (D. Lgs 30 giugno 2003 n. 196, Codice in materia di protezione dei dati personali) e comunitaria, (Regolamento europeo per la protezione dei dati personali n. 679\/2016, GDPR) e successive modifiche, il presente sito rispetta e tutela la riservatezza dei visitatori e degli utenti, ponendo [&hellip;]\" \/>\n<meta property=\"og:url\" content=\"https:\/\/www.meccanicadigama.com\/it\/privacy-policy\/\" \/>\n<meta property=\"og:site_name\" content=\"Meccanica Digama\" \/>\n<meta property=\"article:modified_time\" content=\"2026-03-27T16:24:53+00:00\" \/>\n<meta name=\"twitter:card\" content=\"summary_large_image\" \/>\n<meta name=\"twitter:label1\" content=\"Tempo di lettura stimato\" \/>\n\t<meta name=\"twitter:data1\" content=\"10 minuti\" \/>\n<script type=\"application\/ld+json\" class=\"yoast-schema-graph\">{\"@context\":\"https:\/\/schema.org\",\"@graph\":[{\"@type\":\"WebPage\",\"@id\":\"https:\/\/www.meccanicadigama.com\/it\/privacy-policy\/\",\"url\":\"https:\/\/www.meccanicadigama.com\/it\/privacy-policy\/\",\"name\":\"Privacy Policy - Meccanica Digama\",\"isPartOf\":{\"@id\":\"https:\/\/www.meccanicadigama.com\/it\/#website\"},\"datePublished\":\"2023-10-03T09:17:41+00:00\",\"dateModified\":\"2026-03-27T16:24:53+00:00\",\"breadcrumb\":{\"@id\":\"https:\/\/www.meccanicadigama.com\/it\/privacy-policy\/#breadcrumb\"},\"inLanguage\":\"it-IT\",\"potentialAction\":[{\"@type\":\"ReadAction\",\"target\":[\"https:\/\/www.meccanicadigama.com\/it\/privacy-policy\/\"]}]},{\"@type\":\"BreadcrumbList\",\"@id\":\"https:\/\/www.meccanicadigama.com\/it\/privacy-policy\/#breadcrumb\",\"itemListElement\":[{\"@type\":\"ListItem\",\"position\":1,\"name\":\"Home\",\"item\":\"https:\/\/www.meccanicadigama.com\/it\/home\/\"},{\"@type\":\"ListItem\",\"position\":2,\"name\":\"Privacy Policy\"}]},{\"@type\":\"WebSite\",\"@id\":\"https:\/\/www.meccanicadigama.com\/it\/#website\",\"url\":\"https:\/\/www.meccanicadigama.com\/it\/\",\"name\":\"Meccanica Digama\",\"description\":\"Macchine per l&#039;industria alimentare\",\"potentialAction\":[{\"@type\":\"SearchAction\",\"target\":{\"@type\":\"EntryPoint\",\"urlTemplate\":\"https:\/\/www.meccanicadigama.com\/it\/?s={search_term_string}\"},\"query-input\":{\"@type\":\"PropertyValueSpecification\",\"valueRequired\":true,\"valueName\":\"search_term_string\"}}],\"inLanguage\":\"it-IT\"}]}<\/script>\n<!-- \/ Yoast SEO plugin. -->","yoast_head_json":{"title":"Privacy Policy - Meccanica Digama","robots":{"index":"index","follow":"follow","max-snippet":"max-snippet:-1","max-image-preview":"max-image-preview:large","max-video-preview":"max-video-preview:-1"},"canonical":"https:\/\/www.meccanicadigama.com\/it\/privacy-policy\/","og_locale":"it_IT","og_type":"article","og_title":"Privacy Policy - Meccanica Digama","og_description":"INFORMATIVA PRIVACY In ottemperanza degli obblighi derivanti dalla normativa nazionale (D. Lgs 30 giugno 2003 n. 196, Codice in materia di protezione dei dati personali) e comunitaria, (Regolamento europeo per la protezione dei dati personali n. 679\/2016, GDPR) e successive modifiche, il presente sito rispetta e tutela la riservatezza dei visitatori e degli utenti, ponendo [&hellip;]","og_url":"https:\/\/www.meccanicadigama.com\/it\/privacy-policy\/","og_site_name":"Meccanica Digama","article_modified_time":"2026-03-27T16:24:53+00:00","twitter_card":"summary_large_image","twitter_misc":{"Tempo di lettura stimato":"10 minuti"},"schema":{"@context":"https:\/\/schema.org","@graph":[{"@type":"WebPage","@id":"https:\/\/www.meccanicadigama.com\/it\/privacy-policy\/","url":"https:\/\/www.meccanicadigama.com\/it\/privacy-policy\/","name":"Privacy Policy - Meccanica Digama","isPartOf":{"@id":"https:\/\/www.meccanicadigama.com\/it\/#website"},"datePublished":"2023-10-03T09:17:41+00:00","dateModified":"2026-03-27T16:24:53+00:00","breadcrumb":{"@id":"https:\/\/www.meccanicadigama.com\/it\/privacy-policy\/#breadcrumb"},"inLanguage":"it-IT","potentialAction":[{"@type":"ReadAction","target":["https:\/\/www.meccanicadigama.com\/it\/privacy-policy\/"]}]},{"@type":"BreadcrumbList","@id":"https:\/\/www.meccanicadigama.com\/it\/privacy-policy\/#breadcrumb","itemListElement":[{"@type":"ListItem","position":1,"name":"Home","item":"https:\/\/www.meccanicadigama.com\/it\/home\/"},{"@type":"ListItem","position":2,"name":"Privacy Policy"}]},{"@type":"WebSite","@id":"https:\/\/www.meccanicadigama.com\/it\/#website","url":"https:\/\/www.meccanicadigama.com\/it\/","name":"Meccanica Digama","description":"Macchine per l&#039;industria alimentare","potentialAction":[{"@type":"SearchAction","target":{"@type":"EntryPoint","urlTemplate":"https:\/\/www.meccanicadigama.com\/it\/?s={search_term_string}"},"query-input":{"@type":"PropertyValueSpecification","valueRequired":true,"valueName":"search_term_string"}}],"inLanguage":"it-IT"}]}},"_links":{"self":[{"href":"https:\/\/www.meccanicadigama.com\/it\/wp-json\/wp\/v2\/pages\/3","targetHints":{"allow":["GET"]}}],"collection":[{"href":"https:\/\/www.meccanicadigama.com\/it\/wp-json\/wp\/v2\/pages"}],"about":[{"href":"https:\/\/www.meccanicadigama.com\/it\/wp-json\/wp\/v2\/types\/page"}],"author":[{"embeddable":true,"href":"https:\/\/www.meccanicadigama.com\/it\/wp-json\/wp\/v2\/users\/1"}],"replies":[{"embeddable":true,"href":"https:\/\/www.meccanicadigama.com\/it\/wp-json\/wp\/v2\/comments?post=3"}],"version-history":[{"count":4,"href":"https:\/\/www.meccanicadigama.com\/it\/wp-json\/wp\/v2\/pages\/3\/revisions"}],"predecessor-version":[{"id":4222,"href":"https:\/\/www.meccanicadigama.com\/it\/wp-json\/wp\/v2\/pages\/3\/revisions\/4222"}],"wp:attachment":[{"href":"https:\/\/www.meccanicadigama.com\/it\/wp-json\/wp\/v2\/media?parent=3"}],"curies":[{"name":"wp","href":"https:\/\/api.w.org\/{rel}","templated":true}]}}