{"id":1542,"date":"2023-10-12T12:28:27","date_gmt":"2023-10-12T10:28:27","guid":{"rendered":"http:\/\/digama.wp4.mtncompany.cloud\/?page_id=1542"},"modified":"2023-10-20T09:31:14","modified_gmt":"2023-10-20T07:31:14","slug":"robot-depallettizzatore","status":"publish","type":"page","link":"https:\/\/www.meccanicadigama.com\/it\/robot-depallettizzatore\/","title":{"rendered":"Robot Depallettizzatore &#8211; Robot"},"content":{"rendered":"\n<style type=\"text\/css\" data-created_by=\"avia_inline_auto\" id=\"style-css-av-lnn17bzn-6c18ac1c086412277131adc219aec7d5\">\n#top .av-special-heading.av-lnn17bzn-6c18ac1c086412277131adc219aec7d5{\npadding-bottom:10px;\nfont-size:32px;\n}\nbody .av-special-heading.av-lnn17bzn-6c18ac1c086412277131adc219aec7d5 .av-special-heading-tag .heading-char{\nfont-size:25px;\n}\n#top #wrap_all .av-special-heading.av-lnn17bzn-6c18ac1c086412277131adc219aec7d5 .av-special-heading-tag{\nfont-size:32px;\n}\n.av-special-heading.av-lnn17bzn-6c18ac1c086412277131adc219aec7d5 .av-subheading{\nfont-size:15px;\n}\n\n@media only screen and (min-width: 480px) and (max-width: 767px){ \n#top #wrap_all .av-special-heading.av-lnn17bzn-6c18ac1c086412277131adc219aec7d5 .av-special-heading-tag{\nfont-size:0.8em;\n}\n}\n\n@media only screen and (max-width: 479px){ \n#top #wrap_all .av-special-heading.av-lnn17bzn-6c18ac1c086412277131adc219aec7d5 .av-special-heading-tag{\nfont-size:0.8em;\n}\n}\n<\/style>\n<div  class='av-special-heading av-lnn17bzn-6c18ac1c086412277131adc219aec7d5 av-special-heading-h1 blockquote modern-quote  avia-builder-el-0  el_before_av_slideshow  avia-builder-el-first  av-thin-font av-inherit-size'><h1 class='av-special-heading-tag'  itemprop=\"headline\"  ><strong>Robot depallettizzatore<\/strong><\/h1><div class=\"special-heading-border\"><div class=\"special-heading-inner-border\"><\/div><\/div><\/div>\n<div  class='avia-slideshow av-lnn1dyfm-42cbd6e181a86e883290fa477ccb304f avia-slideshow-featured_large av_slideshow avia-slide-slider  avia-builder-el-1  el_after_av_heading  el_before_av_textblock  av-slideshow-ui av-control-default av-slideshow-manual av-loop-once av-loop-manual-endless av-default-height-applied avia-slideshow-1' data-slideshow-options=\"{&quot;animation&quot;:&quot;slide&quot;,&quot;autoplay&quot;:false,&quot;loop_autoplay&quot;:&quot;once&quot;,&quot;interval&quot;:5,&quot;loop_manual&quot;:&quot;manual-endless&quot;,&quot;autoplay_stopper&quot;:false,&quot;noNavigation&quot;:false,&quot;bg_slider&quot;:false,&quot;keep_padding&quot;:false,&quot;hoverpause&quot;:false,&quot;show_slide_delay&quot;:0}\"  itemprop=\"image\" itemscope=\"itemscope\" itemtype=\"https:\/\/schema.org\/ImageObject\" ><ul class='avia-slideshow-inner ' style='padding-bottom: 42%;'><li  class='avia-slideshow-slide av-lnn1dyfm-42cbd6e181a86e883290fa477ccb304f__0  slide-1 slide-odd'><div data-rel='slideshow-1' class='avia-slide-wrap '   ><img decoding=\"async\" class=\"wp-image-1545 avia-img-lazy-loading-not-1545\"  src=\"https:\/\/www.meccanicadigama.com\/wp-content\/uploads\/2023\/10\/Digama_home-1500x630.jpg\" width=\"1500\" height=\"630\" title='Digama_home' alt=''  itemprop=\"thumbnailUrl\"   \/><\/div><\/li><li  class='avia-slideshow-slide av-lnn1dyfm-42cbd6e181a86e883290fa477ccb304f__1  slide-2 slide-even'><div data-rel='slideshow-1' class='avia-slide-wrap '   ><img decoding=\"async\" class=\"wp-image-1548 avia-img-lazy-loading-not-1548\"  src=\"https:\/\/www.meccanicadigama.com\/wp-content\/uploads\/2023\/10\/Digama_robot-pallettizzatore-01-1.jpg\" width=\"379\" height=\"265\" title='Digama_robot-pallettizzatore-01-1' alt=''  itemprop=\"thumbnailUrl\" srcset=\"https:\/\/www.meccanicadigama.com\/wp-content\/uploads\/2023\/10\/Digama_robot-pallettizzatore-01-1.jpg 379w, https:\/\/www.meccanicadigama.com\/wp-content\/uploads\/2023\/10\/Digama_robot-pallettizzatore-01-1-300x210.jpg 300w\" sizes=\"(max-width: 379px) 100vw, 379px\" \/><\/div><\/li><li  class='avia-slideshow-slide av-lnn1dyfm-42cbd6e181a86e883290fa477ccb304f__2  slide-3 slide-odd'><div data-rel='slideshow-1' class='avia-slide-wrap '   ><img decoding=\"async\" class=\"wp-image-1551 avia-img-lazy-loading-not-1551\"  src=\"https:\/\/www.meccanicadigama.com\/wp-content\/uploads\/2023\/10\/Digama_robot-pallettizzatore-03-1.jpg\" width=\"379\" height=\"265\" title='Digama_robot-pallettizzatore-03-1' alt=''  itemprop=\"thumbnailUrl\" srcset=\"https:\/\/www.meccanicadigama.com\/wp-content\/uploads\/2023\/10\/Digama_robot-pallettizzatore-03-1.jpg 379w, https:\/\/www.meccanicadigama.com\/wp-content\/uploads\/2023\/10\/Digama_robot-pallettizzatore-03-1-300x210.jpg 300w\" sizes=\"(max-width: 379px) 100vw, 379px\" \/><\/div><\/li><li  class='avia-slideshow-slide av-lnn1dyfm-42cbd6e181a86e883290fa477ccb304f__3  slide-4 slide-even'><div data-rel='slideshow-1' class='avia-slide-wrap '   ><img decoding=\"async\" class=\"wp-image-1554 avia-img-lazy-loading-not-1554\"  src=\"https:\/\/www.meccanicadigama.com\/wp-content\/uploads\/2023\/10\/DIGAMA-robot-pallettizzatore-02-1500x630.jpg\" width=\"1500\" height=\"630\" title='DIGAMA-robot-pallettizzatore-02' alt=''  itemprop=\"thumbnailUrl\"   \/><\/div><\/li><\/ul><div class='avia-slideshow-arrows avia-slideshow-controls' ><a href='#prev' class='prev-slide ' aria-hidden='true' data-av_icon='\ue87c' data-av_iconfont='entypo-fontello'  tabindex='-1'>Prec<\/a><a href='#next' class='next-slide ' aria-hidden='true' data-av_icon='\ue87d' data-av_iconfont='entypo-fontello'  tabindex='-1'>Succ<\/a><\/div><div class='avia-slideshow-dots avia-slideshow-controls'><a href='#1' class='goto-slide active' >1<\/a><a href='#2' class='goto-slide ' >2<\/a><a href='#3' class='goto-slide ' >3<\/a><a href='#4' class='goto-slide ' >4<\/a><\/div><\/div>\n<section  class='av_textblock_section av-lnn16un5-dadc8b4cd6fd9d7d298173d9cdcc00c4 '   itemscope=\"itemscope\" itemtype=\"https:\/\/schema.org\/CreativeWork\" ><div class='avia_textblock boxed'  itemprop=\"text\" ><p><strong><em>Industria 4.0<\/em><\/strong><br \/>\n<em>Il robot Digama risponde ai requisiti richiesti dal\u00a0nuovo\u00a0<strong>Piano Nazionale Transizione 4.0 (Industria 4.0)<\/strong>, approvato nella\u00a0Legge di Bilancio 2021, finalizzato a sostenere la ripresa economica e a dare stabilit\u00e0 alle imprese,\u00a0accompagnandole nel processo di transizione tecnologica e di sostenibilit\u00e0 ambientale.\u00a0<\/em><\/p>\n<\/div><\/section>\n<section  class='av_textblock_section av-lnn4eu0m-d73edb999811badac404aad03887f8ce '   itemscope=\"itemscope\" itemtype=\"https:\/\/schema.org\/CreativeWork\" ><div class='avia_textblock'  itemprop=\"text\" ><p><strong><em>La mente di un\u2019azienda ha bisogno di un buon braccio destro!<\/em><\/strong><\/p>\n<p>Il nuovissimo robot antropomorfo Digama facilita la movimentazione e la pallettizzazione di prodotti confezionati, semplificando i processi produttivi e riducendo i costi aziendali con la sua sofisticata e innovativa tecnologia. La piattaforma rotante a 360\u00b0 consente, inoltre, spostamenti precisi da un punto all\u2019altro dell\u2019impianto, con un ingombro minimo.<\/p>\n<p>Collegato direttamente a un computer, tramite un software per l\u2019automazione di facile utilizzo, il robot antropomorfo pu\u00f2 eseguire diversi tipi di movimento e svolgere diverse funzionalit\u00e0 risultando particolarmente flessibile e vantaggioso. Digama offre la possibilit\u00e0 di personalizzare il robot in base alle esigenze del cliente proponendo anche una serie di soluzioni innovative per la testa di presa in base alla tipologia di pack da movimentare.<\/p>\n<p><strong>Vantaggi:<\/strong><\/p>\n<ul>\n<li>possibilit\u00e0 di pallettizzare da pi\u00f9 punti di prelievo e di scarico<\/li>\n<li>ridotti costi di manutenzione rispetto al pallettizzatore tradizionale<\/li>\n<li>velocit\u00e0 di spostamento fino a 7000 mm\/s<\/li>\n<li>massima flessibilit\u00e0 nel cambio formato<\/li>\n<\/ul>\n<\/div><\/section>\n<div  class='hr av-4mdtwm-f1fdc06282fa2ee01076948e4091612f hr-default  avia-builder-el-4  el_after_av_textblock  el_before_av_textblock '><span class='hr-inner '><span class=\"hr-inner-style\"><\/span><\/span><\/div>\n<section  class='av_textblock_section av-23dq3a-6e966ec04d94d4908ffdf36492b29e3a '   itemscope=\"itemscope\" itemtype=\"https:\/\/schema.org\/CreativeWork\" ><div class='avia_textblock'  itemprop=\"text\" >\n<div class=\"wpcf7 no-js\" id=\"wpcf7-f402-o1\" lang=\"it-IT\" dir=\"ltr\" data-wpcf7-id=\"402\">\n<div class=\"screen-reader-response\"><p role=\"status\" aria-live=\"polite\" aria-atomic=\"true\"><\/p> <ul><\/ul><\/div>\n<form action=\"\/it\/wp-json\/wp\/v2\/pages\/1542#wpcf7-f402-o1\" method=\"post\" class=\"wpcf7-form init\" aria-label=\"Modulo di contatto\" novalidate=\"novalidate\" data-status=\"init\">\n<fieldset class=\"hidden-fields-container\"><input type=\"hidden\" name=\"_wpcf7\" value=\"402\" \/><input type=\"hidden\" name=\"_wpcf7_version\" value=\"6.1.3\" \/><input type=\"hidden\" name=\"_wpcf7_locale\" value=\"it_IT\" \/><input type=\"hidden\" name=\"_wpcf7_unit_tag\" value=\"wpcf7-f402-o1\" \/><input type=\"hidden\" name=\"_wpcf7_container_post\" value=\"0\" \/><input type=\"hidden\" name=\"_wpcf7_posted_data_hash\" value=\"\" \/>\n<\/fieldset>\n<h2 class=\"head-form\">Personalizza il macchinario secondo le tue esigenze.<br \/>\nContattaci!\n<\/h2>\n<p><span id=\"wpcf7-69d906c7604d7-wrapper\" class=\"wpcf7-form-control-wrap azienda-wrap\" style=\"display:none !important; visibility:hidden !important;\"><label for=\"azienda\" class=\"hp-message\">Si prega di lasciare vuoto questo campo.<\/label><input id=\"azienda\"  class=\"wpcf7-form-control wpcf7-text\" type=\"text\" name=\"azienda\" value=\"\" size=\"40\" tabindex=\"-1\" autocomplete=\"new-password\" \/><\/span><br \/>\n<span class=\"wpcf7-form-control-wrap\" data-name=\"your-name\"><input size=\"40\" maxlength=\"400\" class=\"wpcf7-form-control wpcf7-text wpcf7-validates-as-required\" autocomplete=\"name\" aria-required=\"true\" aria-invalid=\"false\" placeholder=\"Nome\" value=\"\" type=\"text\" name=\"your-name\" \/><\/span><br \/>\n<span class=\"wpcf7-form-control-wrap\" data-name=\"your-surname\"><input size=\"40\" maxlength=\"400\" class=\"wpcf7-form-control wpcf7-text wpcf7-validates-as-required\" autocomplete=\"surname\" aria-required=\"true\" aria-invalid=\"false\" placeholder=\"Cognome\" value=\"\" type=\"text\" name=\"your-surname\" \/><\/span><br \/>\n<span class=\"wpcf7-form-control-wrap\" data-name=\"your-email\"><input size=\"40\" maxlength=\"400\" class=\"wpcf7-form-control wpcf7-email wpcf7-validates-as-required wpcf7-text wpcf7-validates-as-email\" autocomplete=\"email\" aria-required=\"true\" aria-invalid=\"false\" placeholder=\"Email\" value=\"\" type=\"email\" name=\"your-email\" \/><\/span><br \/>\n<span class=\"wpcf7-form-control-wrap\" data-name=\"your-tel\"><input size=\"40\" maxlength=\"400\" class=\"wpcf7-form-control wpcf7-tel wpcf7-validates-as-required wpcf7-text wpcf7-validates-as-tel\" aria-required=\"true\" aria-invalid=\"false\" placeholder=\"Telefono\" value=\"\" type=\"tel\" name=\"your-tel\" \/><\/span><br \/>\n<span class=\"wpcf7-form-control-wrap\" data-name=\"your-message\"><textarea cols=\"40\" rows=\"10\" maxlength=\"2000\" class=\"wpcf7-form-control wpcf7-textarea\" aria-invalid=\"false\" placeholder=\"Il tuo messaggio\" name=\"your-message\"><\/textarea><\/span>\n<\/p>\n<p><span class=\"wpcf7-form-control-wrap\" data-name=\"acceptance-152\"><span class=\"wpcf7-form-control wpcf7-acceptance\"><span class=\"wpcf7-list-item\"><label><input type=\"checkbox\" name=\"acceptance-152\" value=\"1\" aria-invalid=\"false\" \/><span class=\"wpcf7-list-item-label\">Dichiaro di aver letto attentamente e compreso il contenuto della\u00a0<a href=\"\/privacy-policy\/\" target=\"_blank\" rel=\"noopener\">Privacy Policy<\/a>\u00a0relativamente alle finalit\u00e0 perseguite tramite l'acquisizione dei dati personali necessari all\u2019esecuzione delle prestazioni oggetto del servizio erogato.<\/span><\/label><\/span><\/span><\/span>\n<\/p>\n<p><input type=\"hidden\" name=\"_wpcf7_captcha_challenge_captcha-1\" value=\"2103411672\" \/><img loading=\"lazy\" decoding=\"async\" class=\"wpcf7-form-control wpcf7-captchac wpcf7-captcha-captcha-1\" width=\"72\" height=\"24\" alt=\"captcha\" src=\"https:\/\/www.meccanicadigama.com\/wp-content\/uploads\/wpcf7_captcha\/2103411672.png\" \/><span class=\"wpcf7-form-control-wrap\" data-name=\"captcha-1\"><input size=\"40\" class=\"wpcf7-form-control wpcf7-captchar\" autocomplete=\"off\" aria-invalid=\"false\" value=\"\" type=\"text\" name=\"captcha-1\" \/><\/span><br \/>\n<input class=\"wpcf7-form-control wpcf7-submit has-spinner\" id=\"sendform\" type=\"submit\" value=\"Contattaci\" \/>\n<\/p><div class=\"wpcf7-response-output\" aria-hidden=\"true\"><\/div>\n<\/form>\n<\/div>\n\n<\/div><\/section>\n","protected":false},"excerpt":{"rendered":"","protected":false},"author":1,"featured_media":0,"parent":0,"menu_order":0,"comment_status":"closed","ping_status":"closed","template":"","meta":{"footnotes":""},"class_list":["post-1542","page","type-page","status-publish","hentry"],"yoast_head":"<!-- This site is optimized with the Yoast SEO plugin v26.3 - https:\/\/yoast.com\/wordpress\/plugins\/seo\/ -->\n<title>Robot Depallettizzatore - Robot - Meccanica Digama<\/title>\n<meta name=\"robots\" content=\"index, follow, max-snippet:-1, max-image-preview:large, max-video-preview:-1\" \/>\n<link rel=\"canonical\" href=\"https:\/\/www.meccanicadigama.com\/it\/robot-depallettizzatore\/\" \/>\n<meta property=\"og:locale\" content=\"it_IT\" \/>\n<meta property=\"og:type\" content=\"article\" \/>\n<meta property=\"og:title\" content=\"Robot Depallettizzatore - Robot - Meccanica Digama\" \/>\n<meta property=\"og:url\" content=\"https:\/\/www.meccanicadigama.com\/it\/robot-depallettizzatore\/\" \/>\n<meta property=\"og:site_name\" content=\"Meccanica Digama\" \/>\n<meta property=\"article:modified_time\" content=\"2023-10-20T07:31:14+00:00\" \/>\n<meta name=\"twitter:card\" content=\"summary_large_image\" \/>\n<meta name=\"twitter:label1\" content=\"Tempo di lettura stimato\" \/>\n\t<meta name=\"twitter:data1\" content=\"5 minuti\" \/>\n<script type=\"application\/ld+json\" class=\"yoast-schema-graph\">{\"@context\":\"https:\/\/schema.org\",\"@graph\":[{\"@type\":\"WebPage\",\"@id\":\"https:\/\/www.meccanicadigama.com\/it\/robot-depallettizzatore\/\",\"url\":\"https:\/\/www.meccanicadigama.com\/it\/robot-depallettizzatore\/\",\"name\":\"Robot Depallettizzatore - Robot - Meccanica Digama\",\"isPartOf\":{\"@id\":\"https:\/\/www.meccanicadigama.com\/it\/#website\"},\"datePublished\":\"2023-10-12T10:28:27+00:00\",\"dateModified\":\"2023-10-20T07:31:14+00:00\",\"breadcrumb\":{\"@id\":\"https:\/\/www.meccanicadigama.com\/it\/robot-depallettizzatore\/#breadcrumb\"},\"inLanguage\":\"it-IT\",\"potentialAction\":[{\"@type\":\"ReadAction\",\"target\":[\"https:\/\/www.meccanicadigama.com\/it\/robot-depallettizzatore\/\"]}]},{\"@type\":\"BreadcrumbList\",\"@id\":\"https:\/\/www.meccanicadigama.com\/it\/robot-depallettizzatore\/#breadcrumb\",\"itemListElement\":[{\"@type\":\"ListItem\",\"position\":1,\"name\":\"Home\",\"item\":\"https:\/\/www.meccanicadigama.com\/it\/home\/\"},{\"@type\":\"ListItem\",\"position\":2,\"name\":\"Robot Depallettizzatore &#8211; Robot\"}]},{\"@type\":\"WebSite\",\"@id\":\"https:\/\/www.meccanicadigama.com\/it\/#website\",\"url\":\"https:\/\/www.meccanicadigama.com\/it\/\",\"name\":\"Meccanica Digama\",\"description\":\"Macchine per l&#039;industria alimentare\",\"potentialAction\":[{\"@type\":\"SearchAction\",\"target\":{\"@type\":\"EntryPoint\",\"urlTemplate\":\"https:\/\/www.meccanicadigama.com\/it\/?s={search_term_string}\"},\"query-input\":{\"@type\":\"PropertyValueSpecification\",\"valueRequired\":true,\"valueName\":\"search_term_string\"}}],\"inLanguage\":\"it-IT\"}]}<\/script>\n<!-- \/ Yoast SEO plugin. -->","yoast_head_json":{"title":"Robot Depallettizzatore - Robot - Meccanica Digama","robots":{"index":"index","follow":"follow","max-snippet":"max-snippet:-1","max-image-preview":"max-image-preview:large","max-video-preview":"max-video-preview:-1"},"canonical":"https:\/\/www.meccanicadigama.com\/it\/robot-depallettizzatore\/","og_locale":"it_IT","og_type":"article","og_title":"Robot Depallettizzatore - Robot - Meccanica Digama","og_url":"https:\/\/www.meccanicadigama.com\/it\/robot-depallettizzatore\/","og_site_name":"Meccanica Digama","article_modified_time":"2023-10-20T07:31:14+00:00","twitter_card":"summary_large_image","twitter_misc":{"Tempo di lettura stimato":"5 minuti"},"schema":{"@context":"https:\/\/schema.org","@graph":[{"@type":"WebPage","@id":"https:\/\/www.meccanicadigama.com\/it\/robot-depallettizzatore\/","url":"https:\/\/www.meccanicadigama.com\/it\/robot-depallettizzatore\/","name":"Robot Depallettizzatore - Robot - Meccanica Digama","isPartOf":{"@id":"https:\/\/www.meccanicadigama.com\/it\/#website"},"datePublished":"2023-10-12T10:28:27+00:00","dateModified":"2023-10-20T07:31:14+00:00","breadcrumb":{"@id":"https:\/\/www.meccanicadigama.com\/it\/robot-depallettizzatore\/#breadcrumb"},"inLanguage":"it-IT","potentialAction":[{"@type":"ReadAction","target":["https:\/\/www.meccanicadigama.com\/it\/robot-depallettizzatore\/"]}]},{"@type":"BreadcrumbList","@id":"https:\/\/www.meccanicadigama.com\/it\/robot-depallettizzatore\/#breadcrumb","itemListElement":[{"@type":"ListItem","position":1,"name":"Home","item":"https:\/\/www.meccanicadigama.com\/it\/home\/"},{"@type":"ListItem","position":2,"name":"Robot Depallettizzatore &#8211; Robot"}]},{"@type":"WebSite","@id":"https:\/\/www.meccanicadigama.com\/it\/#website","url":"https:\/\/www.meccanicadigama.com\/it\/","name":"Meccanica Digama","description":"Macchine per l&#039;industria alimentare","potentialAction":[{"@type":"SearchAction","target":{"@type":"EntryPoint","urlTemplate":"https:\/\/www.meccanicadigama.com\/it\/?s={search_term_string}"},"query-input":{"@type":"PropertyValueSpecification","valueRequired":true,"valueName":"search_term_string"}}],"inLanguage":"it-IT"}]}},"_links":{"self":[{"href":"https:\/\/www.meccanicadigama.com\/it\/wp-json\/wp\/v2\/pages\/1542","targetHints":{"allow":["GET"]}}],"collection":[{"href":"https:\/\/www.meccanicadigama.com\/it\/wp-json\/wp\/v2\/pages"}],"about":[{"href":"https:\/\/www.meccanicadigama.com\/it\/wp-json\/wp\/v2\/types\/page"}],"author":[{"embeddable":true,"href":"https:\/\/www.meccanicadigama.com\/it\/wp-json\/wp\/v2\/users\/1"}],"replies":[{"embeddable":true,"href":"https:\/\/www.meccanicadigama.com\/it\/wp-json\/wp\/v2\/comments?post=1542"}],"version-history":[{"count":5,"href":"https:\/\/www.meccanicadigama.com\/it\/wp-json\/wp\/v2\/pages\/1542\/revisions"}],"predecessor-version":[{"id":3051,"href":"https:\/\/www.meccanicadigama.com\/it\/wp-json\/wp\/v2\/pages\/1542\/revisions\/3051"}],"wp:attachment":[{"href":"https:\/\/www.meccanicadigama.com\/it\/wp-json\/wp\/v2\/media?parent=1542"}],"curies":[{"name":"wp","href":"https:\/\/api.w.org\/{rel}","templated":true}]}}