{"id":3217,"date":"2023-10-20T16:23:55","date_gmt":"2023-10-20T14:23:55","guid":{"rendered":"https:\/\/www.meccanicadigama.com\/lignes-et-machines\/"},"modified":"2025-04-10T12:56:18","modified_gmt":"2025-04-10T10:56:18","slug":"linee-e-macchinari","status":"publish","type":"page","link":"https:\/\/www.meccanicadigama.com\/fr\/linee-e-macchinari\/","title":{"rendered":"Lignes et machines"},"content":{"rendered":"\n<style type=\"text\/css\" data-created_by=\"avia_inline_auto\" id=\"style-css-av-lnyq927y-94f4f022e5926bec36b90644f9d159a3\">\n.avia-section.av-lnyq927y-94f4f022e5926bec36b90644f9d159a3{\nbackground-repeat:no-repeat;\nbackground-image:url(https:\/\/www.meccanicadigama.com\/wp-content\/uploads\/2014\/08\/cibus_02.jpg);\nbackground-position:50% 50%;\nbackground-attachment:scroll;\n}\n<\/style>\n<div id='av_section_1'  class='avia-section av-lnyq927y-94f4f022e5926bec36b90644f9d159a3 main_color avia-section-default avia-no-border-styling  avia-builder-el-0  el_before_av_section  avia-builder-el-first  topperPage avia-full-stretch avia-bg-style-scroll container_wrap sidebar_right'  data-section-bg-repeat='stretch'><div class='container av-section-cont-open' ><main  role=\"main\" itemprop=\"mainContentOfPage\"  class='template-page content  av-content-small alpha units'><div class='post-entry post-entry-type-page post-entry-3217'><div class='entry-content-wrapper clearfix'>\n\n<style type=\"text\/css\" data-created_by=\"avia_inline_auto\" id=\"style-css-av-2cxjwh-9effb2811af625b526d33c1e7a4209da\">\n#top .hr.hr-invisible.av-2cxjwh-9effb2811af625b526d33c1e7a4209da{\nheight:430px;\n}\n<\/style>\n<div  class='hr av-2cxjwh-9effb2811af625b526d33c1e7a4209da hr-invisible  avia-builder-el-1  avia-builder-el-no-sibling '><span class='hr-inner '><span class=\"hr-inner-style\"><\/span><\/span><\/div>\n\n<\/div><\/div><\/main><!-- close content main element --><\/div><\/div><div id='av_section_2'  class='avia-section av-13fgodd-d437d0be0315623187d0c8618dfc70f1 main_color avia-section-large avia-no-border-styling  avia-builder-el-2  el_after_av_section  avia-builder-el-last  avia-bg-style-scroll container_wrap sidebar_right'  ><div class='container av-section-cont-open' ><div class='template-page content  av-content-small alpha units'><div class='post-entry post-entry-type-page post-entry-3217'><div class='entry-content-wrapper clearfix'>\n\n<style type=\"text\/css\" data-created_by=\"avia_inline_auto\" id=\"style-css-av-114p7kh-ff3e115e96d54ae89c6dc908224cd16b\">\n#top .av-special-heading.av-114p7kh-ff3e115e96d54ae89c6dc908224cd16b{\npadding-bottom:0;\nfont-size:32px;\n}\nbody .av-special-heading.av-114p7kh-ff3e115e96d54ae89c6dc908224cd16b .av-special-heading-tag .heading-char{\nfont-size:25px;\n}\n#top #wrap_all .av-special-heading.av-114p7kh-ff3e115e96d54ae89c6dc908224cd16b .av-special-heading-tag{\nfont-size:32px;\n}\n.av-special-heading.av-114p7kh-ff3e115e96d54ae89c6dc908224cd16b .av-subheading{\nfont-size:15px;\n}\n\n@media only screen and (min-width: 480px) and (max-width: 767px){ \n#top #wrap_all .av-special-heading.av-114p7kh-ff3e115e96d54ae89c6dc908224cd16b .av-special-heading-tag{\nfont-size:0.8em;\n}\n}\n\n@media only screen and (max-width: 479px){ \n#top #wrap_all .av-special-heading.av-114p7kh-ff3e115e96d54ae89c6dc908224cd16b .av-special-heading-tag{\nfont-size:0.8em;\n}\n}\n<\/style>\n<div  class='av-special-heading av-114p7kh-ff3e115e96d54ae89c6dc908224cd16b av-special-heading-h1 blockquote modern-quote modern-centered  avia-builder-el-3  el_before_av_hr  avia-builder-el-first  av-thin-font av-inherit-size'><h1 class='av-special-heading-tag'  itemprop=\"headline\"  ><strong>LIGNES ET MACHINES<\/strong><\/h1><div class=\"special-heading-border\"><div class=\"special-heading-inner-border\"><\/div><\/div><\/div>\n\n<style type=\"text\/css\" data-created_by=\"avia_inline_auto\" id=\"style-css-av-lnyq4ysc-faa0304c18933c5289a0ed94f8153941\">\n#top .hr.hr-invisible.av-lnyq4ysc-faa0304c18933c5289a0ed94f8153941{\nheight:44px;\n}\n<\/style>\n<div  class='hr av-lnyq4ysc-faa0304c18933c5289a0ed94f8153941 hr-invisible  avia-builder-el-4  el_after_av_heading  el_before_av_textblock '><span class='hr-inner '><span class=\"hr-inner-style\"><\/span><\/span><\/div>\n<section  class='av_textblock_section av-lnyq44pl-2e41fe3cd6a16657963ab50abd9d428d '   itemscope=\"itemscope\" itemtype=\"https:\/\/schema.org\/CreativeWork\" ><div class='avia_textblock'  itemprop=\"text\" ><p>Meccanica Digama d\u00e9veloppe des projets de technologie alimentaire depuis 1983 et produit des syst\u00e8mes complets et des machines pour l\u2019industrie alimentaire , en particulier pour le secteur de la conserve , capables d\u2019augmenter la productivit\u00e9 et de r\u00e9duire la consommation, avec une augmentation de la satisfaction client. Ce qui distingue l\u2019\u00e9quipe Digama, c\u2019est la flexibilit\u00e9 dans la phase de conception : des installations et des machines personnalis\u00e9es en fonction des besoins structurels et de production du client et la garantie, gr\u00e2ce \u00e0 une \u00e9quipe de techniciens et de techniciens de maintenance, d\u2019un service complet d\u2019installation, d\u2019assemblage et d\u2019assistance. 24h pour les entreprises en Italie et \u00e0 l\u2019\u00e9tranger .<\/p>\n<\/div><\/section>\n\n<style type=\"text\/css\" data-created_by=\"avia_inline_auto\" id=\"style-css-av-102xwdt-afffd482953811a4ed8561bcf1db5353\">\n#top .hr.hr-invisible.av-102xwdt-afffd482953811a4ed8561bcf1db5353{\nheight:22px;\n}\n<\/style>\n<div  class='hr av-102xwdt-afffd482953811a4ed8561bcf1db5353 hr-invisible  avia-builder-el-6  el_after_av_textblock  el_before_av_one_fourth '><span class='hr-inner '><span class=\"hr-inner-style\"><\/span><\/span><\/div>\n\n<style type=\"text\/css\" data-created_by=\"avia_inline_auto\" id=\"style-css-av-xzy50x-2622f7afd7a05909e3e8b350e7755b00\">\n.flex_column.av-xzy50x-2622f7afd7a05909e3e8b350e7755b00{\nborder-radius:0px 0px 0px 0px;\npadding:0px 0px 0px 0px;\n}\n<\/style>\n<div  class='flex_column av-xzy50x-2622f7afd7a05909e3e8b350e7755b00 av_one_fourth  avia-builder-el-7  el_after_av_hr  el_before_av_one_fourth  first flex_column_div av-animated-generic bottom-to-top av-zero-column-padding  '     ><p>\n<style type=\"text\/css\" data-created_by=\"avia_inline_auto\" id=\"style-css-av-wvqqjl-a430f1df1b58f36b5044e5f712713e81\">\n.avia-image-container.av-wvqqjl-a430f1df1b58f36b5044e5f712713e81 img.avia_image{\nbox-shadow:none;\n}\n.avia-image-container.av-wvqqjl-a430f1df1b58f36b5044e5f712713e81 .av-image-caption-overlay-center{\ncolor:#ffffff;\n}\n<\/style>\n<div  class='avia-image-container av-wvqqjl-a430f1df1b58f36b5044e5f712713e81 av-styling-no-styling avia-align-center  avia-builder-el-8  el_before_av_heading  avia-builder-el-first '   itemprop=\"image\" itemscope=\"itemscope\" itemtype=\"https:\/\/schema.org\/ImageObject\" ><div class=\"avia-image-container-inner\"><div class=\"avia-image-overlay-wrap\"><a href=\"https:\/\/www.meccanicadigama.com\/fr\/usine-de-transformation-de-tomates\/\" class='avia_image'  aria-label='digama-vasca-def-2-6'><img decoding=\"async\" class='wp-image-521 avia-img-lazy-loading-not-521 avia_image ' src=\"https:\/\/www.meccanicadigama.com\/wp-content\/uploads\/2023\/10\/digama-vasca-def-2-6-845x321.jpg\" alt='' title='digama-vasca-def-2-6'  height=\"321\" width=\"845\"  itemprop=\"thumbnailUrl\"  \/><\/a><\/div><\/div><\/div><br \/>\n\n<style type=\"text\/css\" data-created_by=\"avia_inline_auto\" id=\"style-css-av-v7wgj5-159faabb0246bacb71206a74cb01c815\">\n#top .av-special-heading.av-v7wgj5-159faabb0246bacb71206a74cb01c815{\npadding-bottom:0;\n}\nbody .av-special-heading.av-v7wgj5-159faabb0246bacb71206a74cb01c815 .av-special-heading-tag .heading-char{\nfont-size:25px;\n}\n.av-special-heading.av-v7wgj5-159faabb0246bacb71206a74cb01c815 .av-subheading{\nfont-size:15px;\n}\n<\/style>\n<div  class='av-special-heading av-v7wgj5-159faabb0246bacb71206a74cb01c815 av-special-heading-h3 blockquote modern-quote modern-centered  avia-builder-el-9  el_after_av_image  el_before_av_hr  av-thin-font'><h3 class='av-special-heading-tag'  itemprop=\"headline\"  ><strong>LIGNE DE TOMATES<\/strong><\/h3><div class=\"special-heading-border\"><div class=\"special-heading-inner-border\"><\/div><\/div><\/div><br \/>\n\n<style type=\"text\/css\" data-created_by=\"avia_inline_auto\" id=\"style-css-av-t6puup-14bc592ee6899b0be3a332b57493a428\">\n#top .hr.av-t6puup-14bc592ee6899b0be3a332b57493a428{\nmargin-top:7px;\nmargin-bottom:7px;\n}\n.hr.av-t6puup-14bc592ee6899b0be3a332b57493a428 .hr-inner{\nwidth:50px;\nborder-color:#5392ab;\n}\n<\/style>\n<div  class='hr av-t6puup-14bc592ee6899b0be3a332b57493a428 hr-custom  avia-builder-el-10  el_after_av_heading  el_before_av_textblock  hr-center hr-icon-no'><span class='hr-inner inner-border-av-border-fat'><span class=\"hr-inner-style\"><\/span><\/span><\/div><br \/>\n<section  class='av_textblock_section av-rwrmdt-281ba9e101cd862fed7c339d18a2ec8e '   itemscope=\"itemscope\" itemtype=\"https:\/\/schema.org\/CreativeWork\" ><div class='avia_textblock'  itemprop=\"text\" ><p style=\"text-align: center;\">D\u00e9couvrez toutes les machines pour le lavage, la pasteurisation des tomates..<\/p>\n<\/div><\/section><\/p><\/div>\n<style type=\"text\/css\" data-created_by=\"avia_inline_auto\" id=\"style-css-av-pu37z5-fbb4d92ec478a2dba21e4c029e01be7a\">\n.flex_column.av-pu37z5-fbb4d92ec478a2dba21e4c029e01be7a{\nborder-radius:0px 0px 0px 0px;\npadding:0px 0px 0px 0px;\n}\n<\/style>\n<div  class='flex_column av-pu37z5-fbb4d92ec478a2dba21e4c029e01be7a av_one_fourth  avia-builder-el-12  el_after_av_one_fourth  el_before_av_one_fourth  flex_column_div av-animated-generic bottom-to-top av-zero-column-padding  '     ><p>\n<style type=\"text\/css\" data-created_by=\"avia_inline_auto\" id=\"style-css-av-oeeky9-aa315c1ba981ed7fa0729079e857ed22\">\n.avia-image-container.av-oeeky9-aa315c1ba981ed7fa0729079e857ed22 img.avia_image{\nbox-shadow:none;\n}\n.avia-image-container.av-oeeky9-aa315c1ba981ed7fa0729079e857ed22 .av-image-caption-overlay-center{\ncolor:#ffffff;\n}\n<\/style>\n<div  class='avia-image-container av-oeeky9-aa315c1ba981ed7fa0729079e857ed22 av-styling-no-styling avia-align-center  avia-builder-el-13  el_before_av_heading  avia-builder-el-first '   itemprop=\"image\" itemscope=\"itemscope\" itemtype=\"https:\/\/schema.org\/ImageObject\" ><div class=\"avia-image-container-inner\"><div class=\"avia-image-overlay-wrap\"><a href=\"https:\/\/www.meccanicadigama.com\/fr\/macchinari-linea-legumi\/\" class='avia_image'  aria-label='Digama_vasca-di-scarico01'><img decoding=\"async\" class='wp-image-583 avia-img-lazy-loading-not-583 avia_image ' src=\"https:\/\/www.meccanicadigama.com\/wp-content\/uploads\/2023\/10\/Digama_vasca-di-scarico01-845x321.jpg\" alt='' title='Digama_vasca-di-scarico01'  height=\"321\" width=\"845\"  itemprop=\"thumbnailUrl\"  \/><\/a><\/div><\/div><\/div><br \/>\n\n<style type=\"text\/css\" data-created_by=\"avia_inline_auto\" id=\"style-css-av-mh8nlt-f2c89021feaa17f8732da5b5ef7f9a4f\">\n#top .av-special-heading.av-mh8nlt-f2c89021feaa17f8732da5b5ef7f9a4f{\npadding-bottom:0;\n}\nbody .av-special-heading.av-mh8nlt-f2c89021feaa17f8732da5b5ef7f9a4f .av-special-heading-tag .heading-char{\nfont-size:25px;\n}\n.av-special-heading.av-mh8nlt-f2c89021feaa17f8732da5b5ef7f9a4f .av-subheading{\nfont-size:15px;\n}\n<\/style>\n<div  class='av-special-heading av-mh8nlt-f2c89021feaa17f8732da5b5ef7f9a4f av-special-heading-h3 blockquote modern-quote modern-centered  avia-builder-el-14  el_after_av_image  el_before_av_hr  av-thin-font'><h3 class='av-special-heading-tag'  itemprop=\"headline\"  ><strong>LIGNE DE LEGUMES<\/strong><\/h3><div class=\"special-heading-border\"><div class=\"special-heading-inner-border\"><\/div><\/div><\/div><br \/>\n\n<style type=\"text\/css\" data-created_by=\"avia_inline_auto\" id=\"style-css-av-20jisx-7ee8fcd74ea93cd027950241c35d3a86\">\n#top .hr.av-20jisx-7ee8fcd74ea93cd027950241c35d3a86{\nmargin-top:7px;\nmargin-bottom:7px;\n}\n.hr.av-20jisx-7ee8fcd74ea93cd027950241c35d3a86 .hr-inner{\nwidth:50px;\nborder-color:#5392ab;\n}\n<\/style>\n<div  class='hr av-20jisx-7ee8fcd74ea93cd027950241c35d3a86 hr-custom  avia-builder-el-15  el_after_av_heading  el_before_av_textblock  hr-center hr-icon-no'><span class='hr-inner inner-border-av-border-fat'><span class=\"hr-inner-style\"><\/span><\/span><\/div><br \/>\n<section  class='av_textblock_section av-il4ptd-1fa9b76717db48364825fa76d6e5ae76 '   itemscope=\"itemscope\" itemtype=\"https:\/\/schema.org\/CreativeWork\" ><div class='avia_textblock'  itemprop=\"text\" ><p style=\"text-align: center;\">D\u00e9couvrez toutes les machines pour le traitement des l\u00e9gumineuses s\u00e8ches et humides.<\/p>\n<\/div><\/section><\/p><\/div>\n<style type=\"text\/css\" data-created_by=\"avia_inline_auto\" id=\"style-css-av-hpwykh-c0e2fc4bcbbf05b644c6c3fef8647a62\">\n.flex_column.av-hpwykh-c0e2fc4bcbbf05b644c6c3fef8647a62{\nborder-radius:0px 0px 0px 0px;\npadding:0px 0px 0px 0px;\n}\n<\/style>\n<div  class='flex_column av-hpwykh-c0e2fc4bcbbf05b644c6c3fef8647a62 av_one_fourth  avia-builder-el-17  el_after_av_one_fourth  el_before_av_one_fourth  flex_column_div av-animated-generic bottom-to-top av-zero-column-padding  '     ><p>\n<style type=\"text\/css\" data-created_by=\"avia_inline_auto\" id=\"style-css-av-gf259d-437b6aa51fb03c05b40c7bdfeeebb002\">\n.avia-image-container.av-gf259d-437b6aa51fb03c05b40c7bdfeeebb002 img.avia_image{\nbox-shadow:none;\n}\n.avia-image-container.av-gf259d-437b6aa51fb03c05b40c7bdfeeebb002 .av-image-caption-overlay-center{\ncolor:#ffffff;\n}\n<\/style>\n<div  class='avia-image-container av-gf259d-437b6aa51fb03c05b40c7bdfeeebb002 av-styling-no-styling avia-align-center  avia-builder-el-18  el_before_av_heading  avia-builder-el-first '   itemprop=\"image\" itemscope=\"itemscope\" itemtype=\"https:\/\/schema.org\/ImageObject\" ><div class=\"avia-image-container-inner\"><div class=\"avia-image-overlay-wrap\"><a href=\"https:\/\/www.meccanicadigama.com\/fr\/machines-completes-de-fin-de-ligne-pour-les-entreprises\/\" class='avia_image'  aria-label='digama-trasporto-barattoli-12'><img decoding=\"async\" class='wp-image-588 avia-img-lazy-loading-not-588 avia_image ' src=\"https:\/\/www.meccanicadigama.com\/wp-content\/uploads\/2023\/10\/digama-trasporto-barattoli-12-845x321.jpg\" alt='' title='digama-trasporto-barattoli-12'  height=\"321\" width=\"845\"  itemprop=\"thumbnailUrl\"  \/><\/a><\/div><\/div><\/div><br \/>\n\n<style type=\"text\/css\" data-created_by=\"avia_inline_auto\" id=\"style-css-av-dj9v35-903180dd4861cce47c6c8a9eee945ebf\">\n#top .av-special-heading.av-dj9v35-903180dd4861cce47c6c8a9eee945ebf{\npadding-bottom:0;\n}\nbody .av-special-heading.av-dj9v35-903180dd4861cce47c6c8a9eee945ebf .av-special-heading-tag .heading-char{\nfont-size:25px;\n}\n.av-special-heading.av-dj9v35-903180dd4861cce47c6c8a9eee945ebf .av-subheading{\nfont-size:15px;\n}\n<\/style>\n<div  class='av-special-heading av-dj9v35-903180dd4861cce47c6c8a9eee945ebf av-special-heading-h3 blockquote modern-quote modern-centered  avia-builder-el-19  el_after_av_image  el_before_av_hr  av-thin-font'><h3 class='av-special-heading-tag'  itemprop=\"headline\"  ><strong>LIGNE DE HANDLING<\/strong><\/h3><div class=\"special-heading-border\"><div class=\"special-heading-inner-border\"><\/div><\/div><\/div><br \/>\n\n<style type=\"text\/css\" data-created_by=\"avia_inline_auto\" id=\"style-css-av-crvpjl-754548a9ecfdea36ea9be94ff7b6cf5c\">\n#top .hr.av-crvpjl-754548a9ecfdea36ea9be94ff7b6cf5c{\nmargin-top:7px;\nmargin-bottom:7px;\n}\n.hr.av-crvpjl-754548a9ecfdea36ea9be94ff7b6cf5c .hr-inner{\nwidth:50px;\nborder-color:#5392ab;\n}\n<\/style>\n<div  class='hr av-crvpjl-754548a9ecfdea36ea9be94ff7b6cf5c hr-custom  avia-builder-el-20  el_after_av_heading  el_before_av_textblock  hr-center hr-icon-no'><span class='hr-inner inner-border-av-border-fat'><span class=\"hr-inner-style\"><\/span><\/span><\/div><br \/>\n<section  class='av_textblock_section av-bd85e9-b0c5727e32fb703d6feb536112094d86 '   itemscope=\"itemscope\" itemtype=\"https:\/\/schema.org\/CreativeWork\" ><div class='avia_textblock'  itemprop=\"text\" ><p style=\"text-align: center;\">D\u00e9couvrez toutes les machines de transport et d&#8217;emballage.<\/p>\n<\/div><\/section><\/p><\/div>\n<style type=\"text\/css\" data-created_by=\"avia_inline_auto\" id=\"style-css-av-8ot7ox-d8b221bed3cb8a6b11925f48e3e7040f\">\n.flex_column.av-8ot7ox-d8b221bed3cb8a6b11925f48e3e7040f{\nborder-radius:0px 0px 0px 0px;\npadding:0px 0px 0px 0px;\n}\n<\/style>\n<div  class='flex_column av-8ot7ox-d8b221bed3cb8a6b11925f48e3e7040f av_one_fourth  avia-builder-el-22  el_after_av_one_fourth  avia-builder-el-last  flex_column_div av-animated-generic bottom-to-top av-zero-column-padding  '     ><p>\n<style type=\"text\/css\" data-created_by=\"avia_inline_auto\" id=\"style-css-av-6ysx1d-d323c14382bdd01f666bbf8f48d34a0b\">\n.avia-image-container.av-6ysx1d-d323c14382bdd01f666bbf8f48d34a0b img.avia_image{\nbox-shadow:none;\n}\n.avia-image-container.av-6ysx1d-d323c14382bdd01f666bbf8f48d34a0b .av-image-caption-overlay-center{\ncolor:#ffffff;\n}\n<\/style>\n<div  class='avia-image-container av-6ysx1d-d323c14382bdd01f666bbf8f48d34a0b av-styling-no-styling avia-align-center  avia-builder-el-23  el_before_av_heading  avia-builder-el-first '   itemprop=\"image\" itemscope=\"itemscope\" itemtype=\"https:\/\/schema.org\/ImageObject\" ><div class=\"avia-image-container-inner\"><div class=\"avia-image-overlay-wrap\"><a href=\"https:\/\/www.meccanicadigama.com\/fr\/palettiseur-automatique-meccanica-digama\/\" class='avia_image'  aria-label='meccanica-digama-robot-testa-aspirante-1-scaled'><img decoding=\"async\" class='wp-image-597 avia-img-lazy-loading-not-597 avia_image ' src=\"https:\/\/www.meccanicadigama.com\/wp-content\/uploads\/2023\/10\/meccanica-digama-robot-testa-aspirante-1-scaled-2-845x321.jpg\" alt='' title='meccanica-digama-robot-testa-aspirante-1-scaled'  height=\"321\" width=\"845\"  itemprop=\"thumbnailUrl\"  \/><\/a><\/div><\/div><\/div><br \/>\n\n<style type=\"text\/css\" data-created_by=\"avia_inline_auto\" id=\"style-css-av-jk5oh-0cd5ca95a3d407bc390381fca9aac502\">\n#top .av-special-heading.av-jk5oh-0cd5ca95a3d407bc390381fca9aac502{\npadding-bottom:0;\n}\nbody .av-special-heading.av-jk5oh-0cd5ca95a3d407bc390381fca9aac502 .av-special-heading-tag .heading-char{\nfont-size:25px;\n}\n.av-special-heading.av-jk5oh-0cd5ca95a3d407bc390381fca9aac502 .av-subheading{\nfont-size:15px;\n}\n<\/style>\n<div  class='av-special-heading av-jk5oh-0cd5ca95a3d407bc390381fca9aac502 av-special-heading-h3 blockquote modern-quote modern-centered  avia-builder-el-24  el_after_av_image  el_before_av_hr  av-thin-font'><h3 class='av-special-heading-tag'  itemprop=\"headline\"  ><strong>ROBOT<\/strong><\/h3><div class=\"special-heading-border\"><div class=\"special-heading-inner-border\"><\/div><\/div><\/div><br \/>\n\n<style type=\"text\/css\" data-created_by=\"avia_inline_auto\" id=\"style-css-av-4gkob5-4a78e89e443e3dcf02998dc74320fb6f\">\n#top .hr.av-4gkob5-4a78e89e443e3dcf02998dc74320fb6f{\nmargin-top:7px;\nmargin-bottom:7px;\n}\n.hr.av-4gkob5-4a78e89e443e3dcf02998dc74320fb6f .hr-inner{\nwidth:50px;\nborder-color:#5392ab;\n}\n<\/style>\n<div  class='hr av-4gkob5-4a78e89e443e3dcf02998dc74320fb6f hr-custom  avia-builder-el-25  el_after_av_heading  el_before_av_textblock  hr-center hr-icon-no'><span class='hr-inner inner-border-av-border-fat'><span class=\"hr-inner-style\"><\/span><\/span><\/div><br \/>\n<section  class='av_textblock_section av-2602f5-dcf04c60ffb5610f28f5a63ab1e01a17 '   itemscope=\"itemscope\" itemtype=\"https:\/\/schema.org\/CreativeWork\" ><div class='avia_textblock'  itemprop=\"text\" ><p style=\"text-align: center;\">D\u00e9couvrez la technologie Digama pour votre entreprise 4.0<\/p>\n<\/div><\/section><\/p><\/div><\/div><\/div><\/div><!-- close content main div --><\/div><\/div><div id='after_section_2'  class='main_color av_default_container_wrap container_wrap sidebar_right'  ><div class='container av-section-cont-open' ><div class='template-page content  av-content-small alpha units'><div class='post-entry post-entry-type-page post-entry-3217'><div class='entry-content-wrapper clearfix'>\n","protected":false},"excerpt":{"rendered":"","protected":false},"author":1,"featured_media":0,"parent":0,"menu_order":0,"comment_status":"closed","ping_status":"closed","template":"","meta":{"footnotes":""},"class_list":["post-3217","page","type-page","status-publish","hentry"],"yoast_head":"<!-- This site is optimized with the Yoast SEO plugin v26.3 - https:\/\/yoast.com\/wordpress\/plugins\/seo\/ -->\n<title>Lignes et machines - Meccanica Digama<\/title>\n<meta name=\"description\" content=\"Syst\u00e8mes et lignes complets pour l&#039;industrie alimentaire. De la manutention \u00e0 la robotisation pour les l\u00e9gumineuses, les tomates.\" \/>\n<meta name=\"robots\" content=\"index, follow, max-snippet:-1, max-image-preview:large, max-video-preview:-1\" \/>\n<link rel=\"canonical\" href=\"https:\/\/www.meccanicadigama.com\/fr\/linee-e-macchinari\/\" \/>\n<meta property=\"og:locale\" content=\"fr_FR\" \/>\n<meta property=\"og:type\" content=\"article\" \/>\n<meta property=\"og:title\" content=\"Lignes et machines - Meccanica Digama\" \/>\n<meta property=\"og:description\" content=\"Syst\u00e8mes et lignes complets pour l&#039;industrie alimentaire. De la manutention \u00e0 la robotisation pour les l\u00e9gumineuses, les tomates.\" \/>\n<meta property=\"og:url\" content=\"https:\/\/www.meccanicadigama.com\/fr\/linee-e-macchinari\/\" \/>\n<meta property=\"og:site_name\" content=\"Meccanica Digama\" \/>\n<meta property=\"article:modified_time\" content=\"2025-04-10T10:56:18+00:00\" \/>\n<meta name=\"twitter:card\" content=\"summary_large_image\" \/>\n<meta name=\"twitter:label1\" content=\"Dur\u00e9e de lecture estim\u00e9e\" \/>\n\t<meta name=\"twitter:data1\" content=\"8 minutes\" \/>\n<script type=\"application\/ld+json\" class=\"yoast-schema-graph\">{\"@context\":\"https:\/\/schema.org\",\"@graph\":[{\"@type\":\"WebPage\",\"@id\":\"https:\/\/www.meccanicadigama.com\/fr\/linee-e-macchinari\/\",\"url\":\"https:\/\/www.meccanicadigama.com\/fr\/linee-e-macchinari\/\",\"name\":\"Lignes et machines - Meccanica Digama\",\"isPartOf\":{\"@id\":\"https:\/\/www.meccanicadigama.com\/fr\/#website\"},\"datePublished\":\"2023-10-20T14:23:55+00:00\",\"dateModified\":\"2025-04-10T10:56:18+00:00\",\"description\":\"Syst\u00e8mes et lignes complets pour l'industrie alimentaire. De la manutention \u00e0 la robotisation pour les l\u00e9gumineuses, les tomates.\",\"breadcrumb\":{\"@id\":\"https:\/\/www.meccanicadigama.com\/fr\/linee-e-macchinari\/#breadcrumb\"},\"inLanguage\":\"fr-FR\",\"potentialAction\":[{\"@type\":\"ReadAction\",\"target\":[\"https:\/\/www.meccanicadigama.com\/fr\/linee-e-macchinari\/\"]}]},{\"@type\":\"BreadcrumbList\",\"@id\":\"https:\/\/www.meccanicadigama.com\/fr\/linee-e-macchinari\/#breadcrumb\",\"itemListElement\":[{\"@type\":\"ListItem\",\"position\":1,\"name\":\"Home\",\"item\":\"https:\/\/www.meccanicadigama.com\/fr\/home\/\"},{\"@type\":\"ListItem\",\"position\":2,\"name\":\"Lignes et machines\"}]},{\"@type\":\"WebSite\",\"@id\":\"https:\/\/www.meccanicadigama.com\/fr\/#website\",\"url\":\"https:\/\/www.meccanicadigama.com\/fr\/\",\"name\":\"Meccanica Digama\",\"description\":\"Macchine per l&#039;industria alimentare\",\"potentialAction\":[{\"@type\":\"SearchAction\",\"target\":{\"@type\":\"EntryPoint\",\"urlTemplate\":\"https:\/\/www.meccanicadigama.com\/fr\/?s={search_term_string}\"},\"query-input\":{\"@type\":\"PropertyValueSpecification\",\"valueRequired\":true,\"valueName\":\"search_term_string\"}}],\"inLanguage\":\"fr-FR\"}]}<\/script>\n<!-- \/ Yoast SEO plugin. -->","yoast_head_json":{"title":"Lignes et machines - Meccanica Digama","description":"Syst\u00e8mes et lignes complets pour l'industrie alimentaire. De la manutention \u00e0 la robotisation pour les l\u00e9gumineuses, les tomates.","robots":{"index":"index","follow":"follow","max-snippet":"max-snippet:-1","max-image-preview":"max-image-preview:large","max-video-preview":"max-video-preview:-1"},"canonical":"https:\/\/www.meccanicadigama.com\/fr\/linee-e-macchinari\/","og_locale":"fr_FR","og_type":"article","og_title":"Lignes et machines - Meccanica Digama","og_description":"Syst\u00e8mes et lignes complets pour l'industrie alimentaire. De la manutention \u00e0 la robotisation pour les l\u00e9gumineuses, les tomates.","og_url":"https:\/\/www.meccanicadigama.com\/fr\/linee-e-macchinari\/","og_site_name":"Meccanica Digama","article_modified_time":"2025-04-10T10:56:18+00:00","twitter_card":"summary_large_image","twitter_misc":{"Dur\u00e9e de lecture estim\u00e9e":"8 minutes"},"schema":{"@context":"https:\/\/schema.org","@graph":[{"@type":"WebPage","@id":"https:\/\/www.meccanicadigama.com\/fr\/linee-e-macchinari\/","url":"https:\/\/www.meccanicadigama.com\/fr\/linee-e-macchinari\/","name":"Lignes et machines - Meccanica Digama","isPartOf":{"@id":"https:\/\/www.meccanicadigama.com\/fr\/#website"},"datePublished":"2023-10-20T14:23:55+00:00","dateModified":"2025-04-10T10:56:18+00:00","description":"Syst\u00e8mes et lignes complets pour l'industrie alimentaire. De la manutention \u00e0 la robotisation pour les l\u00e9gumineuses, les tomates.","breadcrumb":{"@id":"https:\/\/www.meccanicadigama.com\/fr\/linee-e-macchinari\/#breadcrumb"},"inLanguage":"fr-FR","potentialAction":[{"@type":"ReadAction","target":["https:\/\/www.meccanicadigama.com\/fr\/linee-e-macchinari\/"]}]},{"@type":"BreadcrumbList","@id":"https:\/\/www.meccanicadigama.com\/fr\/linee-e-macchinari\/#breadcrumb","itemListElement":[{"@type":"ListItem","position":1,"name":"Home","item":"https:\/\/www.meccanicadigama.com\/fr\/home\/"},{"@type":"ListItem","position":2,"name":"Lignes et machines"}]},{"@type":"WebSite","@id":"https:\/\/www.meccanicadigama.com\/fr\/#website","url":"https:\/\/www.meccanicadigama.com\/fr\/","name":"Meccanica Digama","description":"Macchine per l&#039;industria alimentare","potentialAction":[{"@type":"SearchAction","target":{"@type":"EntryPoint","urlTemplate":"https:\/\/www.meccanicadigama.com\/fr\/?s={search_term_string}"},"query-input":{"@type":"PropertyValueSpecification","valueRequired":true,"valueName":"search_term_string"}}],"inLanguage":"fr-FR"}]}},"_links":{"self":[{"href":"https:\/\/www.meccanicadigama.com\/fr\/wp-json\/wp\/v2\/pages\/3217","targetHints":{"allow":["GET"]}}],"collection":[{"href":"https:\/\/www.meccanicadigama.com\/fr\/wp-json\/wp\/v2\/pages"}],"about":[{"href":"https:\/\/www.meccanicadigama.com\/fr\/wp-json\/wp\/v2\/types\/page"}],"author":[{"embeddable":true,"href":"https:\/\/www.meccanicadigama.com\/fr\/wp-json\/wp\/v2\/users\/1"}],"replies":[{"embeddable":true,"href":"https:\/\/www.meccanicadigama.com\/fr\/wp-json\/wp\/v2\/comments?post=3217"}],"version-history":[{"count":9,"href":"https:\/\/www.meccanicadigama.com\/fr\/wp-json\/wp\/v2\/pages\/3217\/revisions"}],"predecessor-version":[{"id":4114,"href":"https:\/\/www.meccanicadigama.com\/fr\/wp-json\/wp\/v2\/pages\/3217\/revisions\/4114"}],"wp:attachment":[{"href":"https:\/\/www.meccanicadigama.com\/fr\/wp-json\/wp\/v2\/media?parent=3217"}],"curies":[{"name":"wp","href":"https:\/\/api.w.org\/{rel}","templated":true}]}}