{"id":2126,"date":"2023-10-12T12:28:27","date_gmt":"2023-10-12T10:28:27","guid":{"rendered":"http:\/\/digama.wp4.mtncompany.cloud\/robot\/palletiseur-robot-avec-tete-daspiration\/"},"modified":"2023-12-06T17:13:43","modified_gmt":"2023-12-06T16:13:43","slug":"robot-depallettizzatore","status":"publish","type":"page","link":"https:\/\/www.meccanicadigama.com\/fr\/robot-depallettizzatore\/","title":{"rendered":"Robot d\u00e9palettiseur"},"content":{"rendered":"<\/p>\n\n<style type=\"text\/css\" data-created_by=\"avia_inline_auto\" id=\"style-css-av-lnn17bzn-ed46709d0809eea868365881a3f092f5\">\n#top .av-special-heading.av-lnn17bzn-ed46709d0809eea868365881a3f092f5{\npadding-bottom:10px;\nfont-size:32px;\n}\nbody .av-special-heading.av-lnn17bzn-ed46709d0809eea868365881a3f092f5 .av-special-heading-tag .heading-char{\nfont-size:25px;\n}\n#top #wrap_all .av-special-heading.av-lnn17bzn-ed46709d0809eea868365881a3f092f5 .av-special-heading-tag{\nfont-size:32px;\n}\n.av-special-heading.av-lnn17bzn-ed46709d0809eea868365881a3f092f5 .av-subheading{\nfont-size:15px;\n}\n\n@media only screen and (min-width: 480px) and (max-width: 767px){ \n#top #wrap_all .av-special-heading.av-lnn17bzn-ed46709d0809eea868365881a3f092f5 .av-special-heading-tag{\nfont-size:0.8em;\n}\n}\n\n@media only screen and (max-width: 479px){ \n#top #wrap_all .av-special-heading.av-lnn17bzn-ed46709d0809eea868365881a3f092f5 .av-special-heading-tag{\nfont-size:0.8em;\n}\n}\n<\/style>\n<div  class='av-special-heading av-lnn17bzn-ed46709d0809eea868365881a3f092f5 av-special-heading-h1 blockquote modern-quote  avia-builder-el-0  el_before_av_slideshow  avia-builder-el-first  av-thin-font av-inherit-size'><h1 class='av-special-heading-tag'  itemprop=\"headline\"  ><strong>Robot d\u00e9palettiseur<\/strong><\/h1><div class=\"special-heading-border\"><div class=\"special-heading-inner-border\"><\/div><\/div><\/div>\n<div  class='avia-slideshow av-lnn1dyfm-42cbd6e181a86e883290fa477ccb304f avia-slideshow-featured_large av_slideshow avia-slide-slider  avia-builder-el-1  el_after_av_heading  el_before_av_textblock  av-slideshow-ui av-control-default av-slideshow-manual av-loop-once av-loop-manual-endless av-default-height-applied avia-slideshow-1' data-slideshow-options=\"{&quot;animation&quot;:&quot;slide&quot;,&quot;autoplay&quot;:false,&quot;loop_autoplay&quot;:&quot;once&quot;,&quot;interval&quot;:5,&quot;loop_manual&quot;:&quot;manual-endless&quot;,&quot;autoplay_stopper&quot;:false,&quot;noNavigation&quot;:false,&quot;bg_slider&quot;:false,&quot;keep_padding&quot;:false,&quot;hoverpause&quot;:false,&quot;show_slide_delay&quot;:0}\"  itemprop=\"image\" itemscope=\"itemscope\" itemtype=\"https:\/\/schema.org\/ImageObject\" ><ul class='avia-slideshow-inner ' style='padding-bottom: 42%;'><li  class='avia-slideshow-slide av-lnn1dyfm-42cbd6e181a86e883290fa477ccb304f__0  slide-1 slide-odd'><div data-rel='slideshow-1' class='avia-slide-wrap '   ><img decoding=\"async\" class=\"wp-image-1547 avia-img-lazy-loading-not-1547\"  src=\"https:\/\/www.meccanicadigama.com\/wp-content\/uploads\/2023\/10\/Digama_home-1500x630.jpg\" width=\"1500\" height=\"630\" title='Digama_home' alt=''  itemprop=\"thumbnailUrl\"   \/><\/div><\/li><li  class='avia-slideshow-slide av-lnn1dyfm-42cbd6e181a86e883290fa477ccb304f__1  slide-2 slide-even'><div data-rel='slideshow-1' class='avia-slide-wrap '   ><img decoding=\"async\" class=\"wp-image-1550 avia-img-lazy-loading-not-1550\"  src=\"https:\/\/www.meccanicadigama.com\/wp-content\/uploads\/2023\/10\/Digama_robot-pallettizzatore-01-1.jpg\" width=\"379\" height=\"265\" title='Digama_robot-pallettizzatore-01-1' alt=''  itemprop=\"thumbnailUrl\" srcset=\"https:\/\/www.meccanicadigama.com\/wp-content\/uploads\/2023\/10\/Digama_robot-pallettizzatore-01-1.jpg 379w, https:\/\/www.meccanicadigama.com\/wp-content\/uploads\/2023\/10\/Digama_robot-pallettizzatore-01-1-300x210.jpg 300w\" sizes=\"(max-width: 379px) 100vw, 379px\" \/><\/div><\/li><li  class='avia-slideshow-slide av-lnn1dyfm-42cbd6e181a86e883290fa477ccb304f__2  slide-3 slide-odd'><div data-rel='slideshow-1' class='avia-slide-wrap '   ><img decoding=\"async\" class=\"wp-image-1553 avia-img-lazy-loading-not-1553\"  src=\"https:\/\/www.meccanicadigama.com\/wp-content\/uploads\/2023\/10\/Digama_robot-pallettizzatore-03-1.jpg\" width=\"379\" height=\"265\" title='Digama_robot-pallettizzatore-03-1' alt=''  itemprop=\"thumbnailUrl\" srcset=\"https:\/\/www.meccanicadigama.com\/wp-content\/uploads\/2023\/10\/Digama_robot-pallettizzatore-03-1.jpg 379w, https:\/\/www.meccanicadigama.com\/wp-content\/uploads\/2023\/10\/Digama_robot-pallettizzatore-03-1-300x210.jpg 300w\" sizes=\"(max-width: 379px) 100vw, 379px\" \/><\/div><\/li><li  class='avia-slideshow-slide av-lnn1dyfm-42cbd6e181a86e883290fa477ccb304f__3  slide-4 slide-even'><div data-rel='slideshow-1' class='avia-slide-wrap '   ><img decoding=\"async\" class=\"wp-image-1556 avia-img-lazy-loading-not-1556\"  src=\"https:\/\/www.meccanicadigama.com\/wp-content\/uploads\/2023\/10\/DIGAMA-robot-pallettizzatore-02-1500x630.jpg\" width=\"1500\" height=\"630\" title='DIGAMA-robot-pallettizzatore-02' alt=''  itemprop=\"thumbnailUrl\"   \/><\/div><\/li><\/ul><div class='avia-slideshow-arrows avia-slideshow-controls' ><a href='#prev' class='prev-slide ' aria-hidden='true' data-av_icon='\ue87c' data-av_iconfont='entypo-fontello'  tabindex='-1'>Pr\u00e9c\u00e9dent<\/a><a href='#next' class='next-slide ' aria-hidden='true' data-av_icon='\ue87d' data-av_iconfont='entypo-fontello'  tabindex='-1'>Suivant<\/a><\/div><div class='avia-slideshow-dots avia-slideshow-controls'><a href='#1' class='goto-slide active' >1<\/a><a href='#2' class='goto-slide ' >2<\/a><a href='#3' class='goto-slide ' >3<\/a><a href='#4' class='goto-slide ' >4<\/a><\/div><\/div>\n<section  class='av_textblock_section av-lnn16un5-dadc8b4cd6fd9d7d298173d9cdcc00c4 '   itemscope=\"itemscope\" itemtype=\"https:\/\/schema.org\/CreativeWork\" ><div class='avia_textblock boxed'  itemprop=\"text\" ><p><strong><em>Industrie 4.0<\/em><\/strong><br \/>\nRobot Digama r\u00e9pond aux exigences du nouveau <strong>Plan\u00a0National\u00a0de Transition 4.0 (Industrie 4.0)<\/strong>, approuv\u00e9 dans la loi de finances 2021, visant \u00e0 soutenir la reprise \u00e9conomique et \u00e0 donner de la stabilit\u00e9 aux entreprises, en les accompagnant dans le processus de transition technologique et de durabilit\u00e9 environnementale.<\/p>\n<\/div><\/section>\n<section  class='av_textblock_section av-lnn4eu0m-d73edb999811badac404aad03887f8ce '   itemscope=\"itemscope\" itemtype=\"https:\/\/schema.org\/CreativeWork\" ><div class='avia_textblock'  itemprop=\"text\" ><p><strong><em>L\u2019esprit d\u2019une entreprise a besoin d\u2019un bon bras droit!<\/em><\/strong><\/p>\n<p>Le tout nouveau robot anthropomorphe Digama facilite la manutention et la palettisation des produits emball\u00e9s, simplifie les processus de production et r\u00e9duit les co\u00fbts commerciaux gr\u00e2ce \u00e0 sa technologie sophistiqu\u00e9e et innovante. La plate-forme rotative \u00e0 360 \u00b0 permet \u00e9galement des mouvements pr\u00e9cis d\u2019un point de la plante \u00e0 l\u2019autre, avec un encombrement minimum.<\/p>\n<p>Connect\u00e9 directement \u00e0 un ordinateur, gr\u00e2ce \u00e0 un logiciel d\u2019automatisation facile \u00e0 utiliser, le robot anthropomorphe peut effectuer diff\u00e9rents types de mouvements et effectuer diff\u00e9rentes fonctions le rendant particuli\u00e8rement flexible et avantageux. Digama offre la possibilit\u00e9 de personnaliser le robot en fonction des besoins du client, proposant \u00e9galement une s\u00e9rie de solutions innovantes pour la t\u00eate de pr\u00e9hension en fonction du type de pack \u00e0 d\u00e9placer.<\/p>\n<p><strong>Avantages:<\/strong><\/p>\n<ul>\n<li>possibilit\u00e9 de palettisation \u00e0 partir de plusieurs points de ramassage et de d\u00e9chargement<\/li>\n<li>co\u00fbts de maintenance r\u00e9duits par rapport au palettiseur traditionnel<\/li>\n<li>vitesse de d\u00e9placement jusqu\u2019\u00e0 7000 mm\/s<\/li>\n<li>flexibilit\u00e9 maximale dans le changement de format<\/li>\n<\/ul>\n<\/div><\/section>\n<div  class='hr av-4mdtwm-f1fdc06282fa2ee01076948e4091612f hr-default  avia-builder-el-4  el_after_av_textblock  el_before_av_textblock '><span class='hr-inner '><span class=\"hr-inner-style\"><\/span><\/span><\/div>\n<section  class='av_textblock_section av-23dq3a-6e966ec04d94d4908ffdf36492b29e3a '   itemscope=\"itemscope\" itemtype=\"https:\/\/schema.org\/CreativeWork\" ><div class='avia_textblock'  itemprop=\"text\" >\n<div class=\"wpcf7 no-js\" id=\"wpcf7-f2455-o1\" lang=\"fr-FR\" dir=\"ltr\" data-wpcf7-id=\"2455\">\n<div class=\"screen-reader-response\"><p role=\"status\" aria-live=\"polite\" aria-atomic=\"true\"><\/p> <ul><\/ul><\/div>\n<form action=\"\/fr\/wp-json\/wp\/v2\/pages\/2126#wpcf7-f2455-o1\" method=\"post\" class=\"wpcf7-form init\" aria-label=\"Formulaire de contact\" novalidate=\"novalidate\" data-status=\"init\">\n<fieldset class=\"hidden-fields-container\"><input type=\"hidden\" name=\"_wpcf7\" value=\"2455\" \/><input type=\"hidden\" name=\"_wpcf7_version\" value=\"6.1.3\" \/><input type=\"hidden\" name=\"_wpcf7_locale\" value=\"fr_FR\" \/><input type=\"hidden\" name=\"_wpcf7_unit_tag\" value=\"wpcf7-f2455-o1\" \/><input type=\"hidden\" name=\"_wpcf7_container_post\" value=\"0\" \/><input type=\"hidden\" name=\"_wpcf7_posted_data_hash\" value=\"\" \/>\n<\/fieldset>\n<h2 class=\"head-form\">Personnalisez les machines selon vos besoins.<br \/>\nContactez-nous!\n<\/h2>\n<p><span id=\"wpcf7-69d91ae147a14-wrapper\" class=\"wpcf7-form-control-wrap azienda-wrap\" style=\"display:none !important; visibility:hidden !important;\"><label for=\"azienda\" class=\"hp-message\">Veuillez laisser ce champ vide.<\/label><input id=\"azienda\"  class=\"wpcf7-form-control wpcf7-text\" type=\"text\" name=\"azienda\" value=\"\" size=\"40\" tabindex=\"-1\" autocomplete=\"new-password\" \/><\/span><br \/>\n<span class=\"wpcf7-form-control-wrap\" data-name=\"your-name\"><input size=\"40\" maxlength=\"400\" class=\"wpcf7-form-control wpcf7-text wpcf7-validates-as-required\" autocomplete=\"name\" aria-required=\"true\" aria-invalid=\"false\" placeholder=\"Pr\u00e9nom\" value=\"\" type=\"text\" name=\"your-name\" \/><\/span><br \/>\n<span class=\"wpcf7-form-control-wrap\" data-name=\"your-surname\"><input size=\"40\" maxlength=\"400\" class=\"wpcf7-form-control wpcf7-text wpcf7-validates-as-required\" autocomplete=\"surname\" aria-required=\"true\" aria-invalid=\"false\" placeholder=\"Nom\" value=\"\" type=\"text\" name=\"your-surname\" \/><\/span><br \/>\n<span class=\"wpcf7-form-control-wrap\" data-name=\"your-email\"><input size=\"40\" maxlength=\"400\" class=\"wpcf7-form-control wpcf7-email wpcf7-validates-as-required wpcf7-text wpcf7-validates-as-email\" autocomplete=\"email\" aria-required=\"true\" aria-invalid=\"false\" placeholder=\"Email\" value=\"\" type=\"email\" name=\"your-email\" \/><\/span><br \/>\n<span class=\"wpcf7-form-control-wrap\" data-name=\"your-tel\"><input size=\"40\" maxlength=\"400\" class=\"wpcf7-form-control wpcf7-tel wpcf7-validates-as-required wpcf7-text wpcf7-validates-as-tel\" aria-required=\"true\" aria-invalid=\"false\" placeholder=\"T\u00e9l\u00e9phone\" value=\"\" type=\"tel\" name=\"your-tel\" \/><\/span><br \/>\n<span class=\"wpcf7-form-control-wrap\" data-name=\"your-message\"><textarea cols=\"40\" rows=\"10\" maxlength=\"2000\" class=\"wpcf7-form-control wpcf7-textarea\" aria-invalid=\"false\" placeholder=\"Votre message\" name=\"your-message\"><\/textarea><\/span>\n<\/p>\n<p><span class=\"wpcf7-form-control-wrap\" data-name=\"acceptance-152\"><span class=\"wpcf7-form-control wpcf7-acceptance\"><span class=\"wpcf7-list-item\"><label><input type=\"checkbox\" name=\"acceptance-152\" value=\"1\" aria-invalid=\"false\" \/><span class=\"wpcf7-list-item-label\">Je d\u00e9clare avoir lu attentivement et compris le contenu de la\u00a0<a href=\"\/privacy-policy\/\" target=\"_blank\" rel=\"noopener\">Politique de confidentialit\u00e9<\/a>\u00a0en relation avec les finalit\u00e9s poursuivies par l'acquisition des donn\u00e9es personnelles n\u00e9cessaires pour l'ex\u00e9cution des services objet du service fourni.<\/span><\/label><\/span><\/span><\/span>\n<\/p>\n<p><input type=\"hidden\" name=\"_wpcf7_captcha_challenge_captcha-1\" value=\"412365592\" \/><img loading=\"lazy\" decoding=\"async\" class=\"wpcf7-form-control wpcf7-captchac wpcf7-captcha-captcha-1\" width=\"72\" height=\"24\" alt=\"captcha\" src=\"https:\/\/www.meccanicadigama.com\/wp-content\/uploads\/wpcf7_captcha\/412365592.png\" \/><span class=\"wpcf7-form-control-wrap\" data-name=\"captcha-1\"><input size=\"40\" class=\"wpcf7-form-control wpcf7-captchar\" autocomplete=\"off\" aria-invalid=\"false\" value=\"\" type=\"text\" name=\"captcha-1\" \/><\/span><br \/>\n<input class=\"wpcf7-form-control wpcf7-submit has-spinner\" id=\"sendform\" type=\"submit\" value=\"Envoyer\" \/>\n<\/p><div class=\"wpcf7-response-output\" aria-hidden=\"true\"><\/div>\n<\/form>\n<\/div>\n\n<\/div><\/section>\n","protected":false},"excerpt":{"rendered":"","protected":false},"author":1,"featured_media":0,"parent":0,"menu_order":0,"comment_status":"closed","ping_status":"closed","template":"","meta":{"footnotes":""},"class_list":["post-2126","page","type-page","status-publish","hentry"],"yoast_head":"<!-- This site is optimized with the Yoast SEO plugin v26.3 - https:\/\/yoast.com\/wordpress\/plugins\/seo\/ -->\n<title>Robot d\u00e9palettiseur - Meccanica Digama<\/title>\n<meta name=\"robots\" content=\"index, follow, max-snippet:-1, max-image-preview:large, max-video-preview:-1\" \/>\n<link rel=\"canonical\" href=\"https:\/\/www.meccanicadigama.com\/fr\/robot-depallettizzatore\/\" \/>\n<meta property=\"og:locale\" content=\"fr_FR\" \/>\n<meta property=\"og:type\" content=\"article\" \/>\n<meta property=\"og:title\" content=\"Robot d\u00e9palettiseur - Meccanica Digama\" \/>\n<meta property=\"og:url\" content=\"https:\/\/www.meccanicadigama.com\/fr\/robot-depallettizzatore\/\" \/>\n<meta property=\"og:site_name\" content=\"Meccanica Digama\" \/>\n<meta property=\"article:modified_time\" content=\"2023-12-06T16:13:43+00:00\" \/>\n<meta name=\"twitter:card\" content=\"summary_large_image\" \/>\n<meta name=\"twitter:label1\" content=\"Dur\u00e9e de lecture estim\u00e9e\" \/>\n\t<meta name=\"twitter:data1\" content=\"3 minutes\" \/>\n<script type=\"application\/ld+json\" class=\"yoast-schema-graph\">{\"@context\":\"https:\/\/schema.org\",\"@graph\":[{\"@type\":\"WebPage\",\"@id\":\"https:\/\/www.meccanicadigama.com\/fr\/robot-depallettizzatore\/\",\"url\":\"https:\/\/www.meccanicadigama.com\/fr\/robot-depallettizzatore\/\",\"name\":\"Robot d\u00e9palettiseur - Meccanica Digama\",\"isPartOf\":{\"@id\":\"https:\/\/www.meccanicadigama.com\/fr\/#website\"},\"datePublished\":\"2023-10-12T10:28:27+00:00\",\"dateModified\":\"2023-12-06T16:13:43+00:00\",\"breadcrumb\":{\"@id\":\"https:\/\/www.meccanicadigama.com\/fr\/robot-depallettizzatore\/#breadcrumb\"},\"inLanguage\":\"fr-FR\",\"potentialAction\":[{\"@type\":\"ReadAction\",\"target\":[\"https:\/\/www.meccanicadigama.com\/fr\/robot-depallettizzatore\/\"]}]},{\"@type\":\"BreadcrumbList\",\"@id\":\"https:\/\/www.meccanicadigama.com\/fr\/robot-depallettizzatore\/#breadcrumb\",\"itemListElement\":[{\"@type\":\"ListItem\",\"position\":1,\"name\":\"Home\",\"item\":\"https:\/\/www.meccanicadigama.com\/fr\/home\/\"},{\"@type\":\"ListItem\",\"position\":2,\"name\":\"Robot d\u00e9palettiseur\"}]},{\"@type\":\"WebSite\",\"@id\":\"https:\/\/www.meccanicadigama.com\/fr\/#website\",\"url\":\"https:\/\/www.meccanicadigama.com\/fr\/\",\"name\":\"Meccanica Digama\",\"description\":\"Macchine per l&#039;industria alimentare\",\"potentialAction\":[{\"@type\":\"SearchAction\",\"target\":{\"@type\":\"EntryPoint\",\"urlTemplate\":\"https:\/\/www.meccanicadigama.com\/fr\/?s={search_term_string}\"},\"query-input\":{\"@type\":\"PropertyValueSpecification\",\"valueRequired\":true,\"valueName\":\"search_term_string\"}}],\"inLanguage\":\"fr-FR\"}]}<\/script>\n<!-- \/ Yoast SEO plugin. -->","yoast_head_json":{"title":"Robot d\u00e9palettiseur - Meccanica Digama","robots":{"index":"index","follow":"follow","max-snippet":"max-snippet:-1","max-image-preview":"max-image-preview:large","max-video-preview":"max-video-preview:-1"},"canonical":"https:\/\/www.meccanicadigama.com\/fr\/robot-depallettizzatore\/","og_locale":"fr_FR","og_type":"article","og_title":"Robot d\u00e9palettiseur - Meccanica Digama","og_url":"https:\/\/www.meccanicadigama.com\/fr\/robot-depallettizzatore\/","og_site_name":"Meccanica Digama","article_modified_time":"2023-12-06T16:13:43+00:00","twitter_card":"summary_large_image","twitter_misc":{"Dur\u00e9e de lecture estim\u00e9e":"3 minutes"},"schema":{"@context":"https:\/\/schema.org","@graph":[{"@type":"WebPage","@id":"https:\/\/www.meccanicadigama.com\/fr\/robot-depallettizzatore\/","url":"https:\/\/www.meccanicadigama.com\/fr\/robot-depallettizzatore\/","name":"Robot d\u00e9palettiseur - Meccanica Digama","isPartOf":{"@id":"https:\/\/www.meccanicadigama.com\/fr\/#website"},"datePublished":"2023-10-12T10:28:27+00:00","dateModified":"2023-12-06T16:13:43+00:00","breadcrumb":{"@id":"https:\/\/www.meccanicadigama.com\/fr\/robot-depallettizzatore\/#breadcrumb"},"inLanguage":"fr-FR","potentialAction":[{"@type":"ReadAction","target":["https:\/\/www.meccanicadigama.com\/fr\/robot-depallettizzatore\/"]}]},{"@type":"BreadcrumbList","@id":"https:\/\/www.meccanicadigama.com\/fr\/robot-depallettizzatore\/#breadcrumb","itemListElement":[{"@type":"ListItem","position":1,"name":"Home","item":"https:\/\/www.meccanicadigama.com\/fr\/home\/"},{"@type":"ListItem","position":2,"name":"Robot d\u00e9palettiseur"}]},{"@type":"WebSite","@id":"https:\/\/www.meccanicadigama.com\/fr\/#website","url":"https:\/\/www.meccanicadigama.com\/fr\/","name":"Meccanica Digama","description":"Macchine per l&#039;industria alimentare","potentialAction":[{"@type":"SearchAction","target":{"@type":"EntryPoint","urlTemplate":"https:\/\/www.meccanicadigama.com\/fr\/?s={search_term_string}"},"query-input":{"@type":"PropertyValueSpecification","valueRequired":true,"valueName":"search_term_string"}}],"inLanguage":"fr-FR"}]}},"_links":{"self":[{"href":"https:\/\/www.meccanicadigama.com\/fr\/wp-json\/wp\/v2\/pages\/2126","targetHints":{"allow":["GET"]}}],"collection":[{"href":"https:\/\/www.meccanicadigama.com\/fr\/wp-json\/wp\/v2\/pages"}],"about":[{"href":"https:\/\/www.meccanicadigama.com\/fr\/wp-json\/wp\/v2\/types\/page"}],"author":[{"embeddable":true,"href":"https:\/\/www.meccanicadigama.com\/fr\/wp-json\/wp\/v2\/users\/1"}],"replies":[{"embeddable":true,"href":"https:\/\/www.meccanicadigama.com\/fr\/wp-json\/wp\/v2\/comments?post=2126"}],"version-history":[{"count":11,"href":"https:\/\/www.meccanicadigama.com\/fr\/wp-json\/wp\/v2\/pages\/2126\/revisions"}],"predecessor-version":[{"id":3815,"href":"https:\/\/www.meccanicadigama.com\/fr\/wp-json\/wp\/v2\/pages\/2126\/revisions\/3815"}],"wp:attachment":[{"href":"https:\/\/www.meccanicadigama.com\/fr\/wp-json\/wp\/v2\/media?parent=2126"}],"curies":[{"name":"wp","href":"https:\/\/api.w.org\/{rel}","templated":true}]}}