{"id":2120,"date":"2023-10-12T12:19:47","date_gmt":"2023-10-12T10:19:47","guid":{"rendered":"http:\/\/digama.wp4.mtncompany.cloud\/robot\/"},"modified":"2025-04-10T17:23:37","modified_gmt":"2025-04-10T15:23:37","slug":"palettiseur-automatique-meccanica-digama","status":"publish","type":"page","link":"https:\/\/www.meccanicadigama.com\/fr\/palettiseur-automatique-meccanica-digama\/","title":{"rendered":"Robot"},"content":{"rendered":"\n<style type=\"text\/css\" data-created_by=\"avia_inline_auto\" id=\"style-css-av-lnnc3z36-93ca991e46648bf160cdd124552e8562\">\n.avia-section.av-lnnc3z36-93ca991e46648bf160cdd124552e8562{\nbackground-repeat:no-repeat;\nbackground-image:url(https:\/\/www.meccanicadigama.com\/wp-content\/uploads\/2023\/10\/meccanica-digama-robot-testa-aspirante-1-scaled-2-1030x687.jpg);\nbackground-position:50% 50%;\nbackground-attachment:scroll;\n}\n<\/style>\n<div id='av_section_1'  class='avia-section av-lnnc3z36-93ca991e46648bf160cdd124552e8562 main_color avia-section-default avia-no-border-styling  avia-builder-el-0  el_before_av_slideshow_full  avia-builder-el-first  topperPage avia-full-stretch avia-bg-style-scroll container_wrap sidebar_right'  data-section-bg-repeat='stretch'><div class='container av-section-cont-open' ><main  role=\"main\" itemprop=\"mainContentOfPage\"  class='template-page content  av-content-small alpha units'><div class='post-entry post-entry-type-page post-entry-2120'><div class='entry-content-wrapper clearfix'>\n\n<style type=\"text\/css\" data-created_by=\"avia_inline_auto\" id=\"style-css-av-3akxqs-c7817100c411c4b91812a6f98fb32099\">\n#top .hr.hr-invisible.av-3akxqs-c7817100c411c4b91812a6f98fb32099{\nheight:430px;\n}\n<\/style>\n<div  class='hr av-3akxqs-c7817100c411c4b91812a6f98fb32099 hr-invisible  avia-builder-el-1  avia-builder-el-no-sibling '><span class='hr-inner '><span class=\"hr-inner-style\"><\/span><\/span><\/div>\n\n<\/div><\/div><\/main><!-- close content main element --><\/div><\/div><div id='full_slider_1'  class='avia-fullwidth-slider main_color avia-shadow av-desktop-hide av-medium-hide av-small-hide av-mini-hide  avia-builder-el-2  el_after_av_section  el_before_av_heading   slider-not-first container_wrap sidebar_right'  ><div  class='avia-slideshow av-lneqjhdo-b7888c4b27e01753185d15018e046aa6 avia-slideshow-featured av_slideshow_full avia-slide-slider av-desktop-hide av-medium-hide av-small-hide av-mini-hide av-slideshow-ui av-control-default av-slideshow-manual av-loop-once av-loop-manual-endless av-default-height-applied   avia-slideshow-1' data-slideshow-options=\"{&quot;animation&quot;:&quot;slide&quot;,&quot;autoplay&quot;:false,&quot;loop_autoplay&quot;:&quot;once&quot;,&quot;interval&quot;:5,&quot;loop_manual&quot;:&quot;manual-endless&quot;,&quot;autoplay_stopper&quot;:false,&quot;noNavigation&quot;:false,&quot;bg_slider&quot;:false,&quot;keep_padding&quot;:false,&quot;hoverpause&quot;:false,&quot;show_slide_delay&quot;:0}\"  itemprop=\"image\" itemscope=\"itemscope\" itemtype=\"https:\/\/schema.org\/ImageObject\" ><ul class='avia-slideshow-inner ' style='padding-bottom: 28.666666666667%;'><li  class='avia-slideshow-slide av-lneqjhdo-b7888c4b27e01753185d15018e046aa6__0  av-single-slide slide-1 slide-odd'><div data-rel='slideshow-1' class='avia-slide-wrap '   ><img decoding=\"async\" class=\"wp-image-521 avia-img-lazy-loading-not-521\"  src=\"https:\/\/www.meccanicadigama.com\/wp-content\/uploads\/2023\/10\/digama-vasca-def-2-6-1500x430.jpg\" width=\"1500\" height=\"430\" title='digama-vasca-def-2-6' alt=''  itemprop=\"thumbnailUrl\"   \/><\/div><\/li><\/ul><\/div><\/div><div id='after_full_slider_1'  class='main_color av_default_container_wrap container_wrap sidebar_right'  ><div class='container av-section-cont-open' ><div class='template-page content  av-content-small alpha units'><div class='post-entry post-entry-type-page post-entry-2120'><div class='entry-content-wrapper clearfix'>\n\n<style type=\"text\/css\" data-created_by=\"avia_inline_auto\" id=\"style-css-av-m9bicpvl-7047f1e33d9b7d1925e2ba77d856b993\">\n#top .av-special-heading.av-m9bicpvl-7047f1e33d9b7d1925e2ba77d856b993{\npadding-bottom:30px;\n}\nbody .av-special-heading.av-m9bicpvl-7047f1e33d9b7d1925e2ba77d856b993 .av-special-heading-tag .heading-char{\nfont-size:25px;\n}\n#top #wrap_all .av-special-heading.av-m9bicpvl-7047f1e33d9b7d1925e2ba77d856b993 .av-special-heading-tag{\nfont-size:25px;\n}\n.av-special-heading.av-m9bicpvl-7047f1e33d9b7d1925e2ba77d856b993 .av-subheading{\nfont-size:15px;\n}\n<\/style>\n<div  class='av-special-heading av-m9bicpvl-7047f1e33d9b7d1925e2ba77d856b993 av-special-heading-h1  avia-builder-el-3  el_after_av_slideshow_full  el_before_av_textblock  avia-builder-el-first '><h1 class='av-special-heading-tag'  itemprop=\"headline\"  >Robot Digama<\/h1><div class=\"special-heading-border\"><div class=\"special-heading-inner-border\"><\/div><\/div><\/div>\n<section  class='av_textblock_section av-lnenjdka-84c3fb225132250eb78b36abe49de887 '   itemscope=\"itemscope\" itemtype=\"https:\/\/schema.org\/CreativeWork\" ><div class='avia_textblock'  itemprop=\"text\" ><p>Le <strong>Robot Digama<\/strong> repr\u00e9sente un capolavoro d&rsquo;innovation technologique. Projet\u00e9s pour augmenter l&rsquo;efficacit\u00e9, la pr\u00e9cision et la productivit\u00e9 d&rsquo;une entreprise, le syst\u00e8me de robotisation Digama est enti\u00e8rement automatis\u00e9 et contr\u00f4l\u00e9 par un logiciel de gestion sophistiqu\u00e9 qui permet au robot de coordonner le travail et d&rsquo;adapter rapidement toutes les modifications des processus. production, eseguendo une vaste gamme de compositions compl\u00e8tes.<\/p>\n<p>La ligne de robotisation <strong>Digama<\/strong> pr\u00e9sente une \u00e9tape importante avant le camp de la production automatis\u00e9e dimostrando, car Digama peut offrir des solutions d&rsquo;avant-garde au niveau de la recherche des clients appropri\u00e9s.<\/p>\n<\/div><\/section>\n\n<style type=\"text\/css\" data-created_by=\"avia_inline_auto\" id=\"style-css-av-lnua0got-3b3f37c864b9bd5d273b04c8da8a96d7\">\n#top .hr.hr-invisible.av-lnua0got-3b3f37c864b9bd5d273b04c8da8a96d7{\nheight:30px;\n}\n<\/style>\n<div  class='hr av-lnua0got-3b3f37c864b9bd5d273b04c8da8a96d7 hr-invisible  avia-builder-el-5  el_after_av_textblock  el_before_av_textblock '><span class='hr-inner '><span class=\"hr-inner-style\"><\/span><\/span><\/div>\n<section  class='av_textblock_section av-lptyxdyh-ba936a340a65c62c76341861ffc17755 '   itemscope=\"itemscope\" itemtype=\"https:\/\/schema.org\/CreativeWork\" ><div class='avia_textblock'  itemprop=\"text\" >\n<div class=\"wpcf7 no-js\" id=\"wpcf7-f2455-o1\" lang=\"fr-FR\" dir=\"ltr\" data-wpcf7-id=\"2455\">\n<div class=\"screen-reader-response\"><p role=\"status\" aria-live=\"polite\" aria-atomic=\"true\"><\/p> <ul><\/ul><\/div>\n<form action=\"\/fr\/wp-json\/wp\/v2\/pages\/2120#wpcf7-f2455-o1\" method=\"post\" class=\"wpcf7-form init\" aria-label=\"Formulaire de contact\" novalidate=\"novalidate\" data-status=\"init\">\n<fieldset class=\"hidden-fields-container\"><input type=\"hidden\" name=\"_wpcf7\" value=\"2455\" \/><input type=\"hidden\" name=\"_wpcf7_version\" value=\"6.1.3\" \/><input type=\"hidden\" name=\"_wpcf7_locale\" value=\"fr_FR\" \/><input type=\"hidden\" name=\"_wpcf7_unit_tag\" value=\"wpcf7-f2455-o1\" \/><input type=\"hidden\" name=\"_wpcf7_container_post\" value=\"0\" \/><input type=\"hidden\" name=\"_wpcf7_posted_data_hash\" value=\"\" \/>\n<\/fieldset>\n<h2 class=\"head-form\">Personnalisez les machines selon vos besoins.<br \/>\nContactez-nous!\n<\/h2>\n<p><span id=\"wpcf7-69d90428bef4b-wrapper\" class=\"wpcf7-form-control-wrap azienda-wrap\" style=\"display:none !important; visibility:hidden !important;\"><label for=\"azienda\" class=\"hp-message\">Veuillez laisser ce champ vide.<\/label><input id=\"azienda\"  class=\"wpcf7-form-control wpcf7-text\" type=\"text\" name=\"azienda\" value=\"\" size=\"40\" tabindex=\"-1\" autocomplete=\"new-password\" \/><\/span><br \/>\n<span class=\"wpcf7-form-control-wrap\" data-name=\"your-name\"><input size=\"40\" maxlength=\"400\" class=\"wpcf7-form-control wpcf7-text wpcf7-validates-as-required\" autocomplete=\"name\" aria-required=\"true\" aria-invalid=\"false\" placeholder=\"Pr\u00e9nom\" value=\"\" type=\"text\" name=\"your-name\" \/><\/span><br \/>\n<span class=\"wpcf7-form-control-wrap\" data-name=\"your-surname\"><input size=\"40\" maxlength=\"400\" class=\"wpcf7-form-control wpcf7-text wpcf7-validates-as-required\" autocomplete=\"surname\" aria-required=\"true\" aria-invalid=\"false\" placeholder=\"Nom\" value=\"\" type=\"text\" name=\"your-surname\" \/><\/span><br \/>\n<span class=\"wpcf7-form-control-wrap\" data-name=\"your-email\"><input size=\"40\" maxlength=\"400\" class=\"wpcf7-form-control wpcf7-email wpcf7-validates-as-required wpcf7-text wpcf7-validates-as-email\" autocomplete=\"email\" aria-required=\"true\" aria-invalid=\"false\" placeholder=\"Email\" value=\"\" type=\"email\" name=\"your-email\" \/><\/span><br \/>\n<span class=\"wpcf7-form-control-wrap\" data-name=\"your-tel\"><input size=\"40\" maxlength=\"400\" class=\"wpcf7-form-control wpcf7-tel wpcf7-validates-as-required wpcf7-text wpcf7-validates-as-tel\" aria-required=\"true\" aria-invalid=\"false\" placeholder=\"T\u00e9l\u00e9phone\" value=\"\" type=\"tel\" name=\"your-tel\" \/><\/span><br \/>\n<span class=\"wpcf7-form-control-wrap\" data-name=\"your-message\"><textarea cols=\"40\" rows=\"10\" maxlength=\"2000\" class=\"wpcf7-form-control wpcf7-textarea\" aria-invalid=\"false\" placeholder=\"Votre message\" name=\"your-message\"><\/textarea><\/span>\n<\/p>\n<p><span class=\"wpcf7-form-control-wrap\" data-name=\"acceptance-152\"><span class=\"wpcf7-form-control wpcf7-acceptance\"><span class=\"wpcf7-list-item\"><label><input type=\"checkbox\" name=\"acceptance-152\" value=\"1\" aria-invalid=\"false\" \/><span class=\"wpcf7-list-item-label\">Je d\u00e9clare avoir lu attentivement et compris le contenu de la\u00a0<a href=\"\/privacy-policy\/\" target=\"_blank\" rel=\"noopener\">Politique de confidentialit\u00e9<\/a>\u00a0en relation avec les finalit\u00e9s poursuivies par l'acquisition des donn\u00e9es personnelles n\u00e9cessaires pour l'ex\u00e9cution des services objet du service fourni.<\/span><\/label><\/span><\/span><\/span>\n<\/p>\n<p><input type=\"hidden\" name=\"_wpcf7_captcha_challenge_captcha-1\" value=\"3507828845\" \/><img loading=\"lazy\" decoding=\"async\" class=\"wpcf7-form-control wpcf7-captchac wpcf7-captcha-captcha-1\" width=\"72\" height=\"24\" alt=\"captcha\" src=\"https:\/\/www.meccanicadigama.com\/wp-content\/uploads\/wpcf7_captcha\/3507828845.png\" \/><span class=\"wpcf7-form-control-wrap\" data-name=\"captcha-1\"><input size=\"40\" class=\"wpcf7-form-control wpcf7-captchar\" autocomplete=\"off\" aria-invalid=\"false\" value=\"\" type=\"text\" name=\"captcha-1\" \/><\/span><br \/>\n<input class=\"wpcf7-form-control wpcf7-submit has-spinner\" id=\"sendform\" type=\"submit\" value=\"Envoyer\" \/>\n<\/p><div class=\"wpcf7-response-output\" aria-hidden=\"true\"><\/div>\n<\/form>\n<\/div>\n\n<\/div><\/section>\n","protected":false},"excerpt":{"rendered":"","protected":false},"author":1,"featured_media":0,"parent":0,"menu_order":0,"comment_status":"closed","ping_status":"closed","template":"","meta":{"footnotes":""},"class_list":["post-2120","page","type-page","status-publish","hentry"],"yoast_head":"<!-- This site is optimized with the Yoast SEO plugin v26.3 - https:\/\/yoast.com\/wordpress\/plugins\/seo\/ -->\n<title>Robot - Palettiseur automatique Digama<\/title>\n<meta name=\"description\" content=\"Palettiseur automatique: les robots anthropomorphes facilitent la manutention et la palettisation des produits emball\u00e9s.\" \/>\n<meta name=\"robots\" content=\"index, follow, max-snippet:-1, max-image-preview:large, max-video-preview:-1\" \/>\n<link rel=\"canonical\" href=\"https:\/\/www.meccanicadigama.com\/fr\/palettiseur-automatique-meccanica-digama\/\" \/>\n<meta property=\"og:locale\" content=\"fr_FR\" \/>\n<meta property=\"og:type\" content=\"article\" \/>\n<meta property=\"og:title\" content=\"Robot - Palettiseur automatique Digama\" \/>\n<meta property=\"og:description\" content=\"Palettiseur automatique: les robots anthropomorphes facilitent la manutention et la palettisation des produits emball\u00e9s.\" \/>\n<meta property=\"og:url\" content=\"https:\/\/www.meccanicadigama.com\/fr\/palettiseur-automatique-meccanica-digama\/\" \/>\n<meta property=\"og:site_name\" content=\"Meccanica Digama\" \/>\n<meta property=\"article:modified_time\" content=\"2025-04-10T15:23:37+00:00\" \/>\n<meta name=\"twitter:card\" content=\"summary_large_image\" \/>\n<meta name=\"twitter:label1\" content=\"Dur\u00e9e de lecture estim\u00e9e\" \/>\n\t<meta name=\"twitter:data1\" content=\"3 minutes\" \/>\n<script type=\"application\/ld+json\" class=\"yoast-schema-graph\">{\"@context\":\"https:\/\/schema.org\",\"@graph\":[{\"@type\":\"WebPage\",\"@id\":\"https:\/\/www.meccanicadigama.com\/fr\/palettiseur-automatique-meccanica-digama\/\",\"url\":\"https:\/\/www.meccanicadigama.com\/fr\/palettiseur-automatique-meccanica-digama\/\",\"name\":\"Robot - Palettiseur automatique Digama\",\"isPartOf\":{\"@id\":\"https:\/\/www.meccanicadigama.com\/fr\/#website\"},\"datePublished\":\"2023-10-12T10:19:47+00:00\",\"dateModified\":\"2025-04-10T15:23:37+00:00\",\"description\":\"Palettiseur automatique: les robots anthropomorphes facilitent la manutention et la palettisation des produits emball\u00e9s.\",\"breadcrumb\":{\"@id\":\"https:\/\/www.meccanicadigama.com\/fr\/palettiseur-automatique-meccanica-digama\/#breadcrumb\"},\"inLanguage\":\"fr-FR\",\"potentialAction\":[{\"@type\":\"ReadAction\",\"target\":[\"https:\/\/www.meccanicadigama.com\/fr\/palettiseur-automatique-meccanica-digama\/\"]}]},{\"@type\":\"BreadcrumbList\",\"@id\":\"https:\/\/www.meccanicadigama.com\/fr\/palettiseur-automatique-meccanica-digama\/#breadcrumb\",\"itemListElement\":[{\"@type\":\"ListItem\",\"position\":1,\"name\":\"Home\",\"item\":\"https:\/\/www.meccanicadigama.com\/fr\/home\/\"},{\"@type\":\"ListItem\",\"position\":2,\"name\":\"Robot\"}]},{\"@type\":\"WebSite\",\"@id\":\"https:\/\/www.meccanicadigama.com\/fr\/#website\",\"url\":\"https:\/\/www.meccanicadigama.com\/fr\/\",\"name\":\"Meccanica Digama\",\"description\":\"Macchine per l&#039;industria alimentare\",\"potentialAction\":[{\"@type\":\"SearchAction\",\"target\":{\"@type\":\"EntryPoint\",\"urlTemplate\":\"https:\/\/www.meccanicadigama.com\/fr\/?s={search_term_string}\"},\"query-input\":{\"@type\":\"PropertyValueSpecification\",\"valueRequired\":true,\"valueName\":\"search_term_string\"}}],\"inLanguage\":\"fr-FR\"}]}<\/script>\n<!-- \/ Yoast SEO plugin. -->","yoast_head_json":{"title":"Robot - Palettiseur automatique Digama","description":"Palettiseur automatique: les robots anthropomorphes facilitent la manutention et la palettisation des produits emball\u00e9s.","robots":{"index":"index","follow":"follow","max-snippet":"max-snippet:-1","max-image-preview":"max-image-preview:large","max-video-preview":"max-video-preview:-1"},"canonical":"https:\/\/www.meccanicadigama.com\/fr\/palettiseur-automatique-meccanica-digama\/","og_locale":"fr_FR","og_type":"article","og_title":"Robot - Palettiseur automatique Digama","og_description":"Palettiseur automatique: les robots anthropomorphes facilitent la manutention et la palettisation des produits emball\u00e9s.","og_url":"https:\/\/www.meccanicadigama.com\/fr\/palettiseur-automatique-meccanica-digama\/","og_site_name":"Meccanica Digama","article_modified_time":"2025-04-10T15:23:37+00:00","twitter_card":"summary_large_image","twitter_misc":{"Dur\u00e9e de lecture estim\u00e9e":"3 minutes"},"schema":{"@context":"https:\/\/schema.org","@graph":[{"@type":"WebPage","@id":"https:\/\/www.meccanicadigama.com\/fr\/palettiseur-automatique-meccanica-digama\/","url":"https:\/\/www.meccanicadigama.com\/fr\/palettiseur-automatique-meccanica-digama\/","name":"Robot - Palettiseur automatique Digama","isPartOf":{"@id":"https:\/\/www.meccanicadigama.com\/fr\/#website"},"datePublished":"2023-10-12T10:19:47+00:00","dateModified":"2025-04-10T15:23:37+00:00","description":"Palettiseur automatique: les robots anthropomorphes facilitent la manutention et la palettisation des produits emball\u00e9s.","breadcrumb":{"@id":"https:\/\/www.meccanicadigama.com\/fr\/palettiseur-automatique-meccanica-digama\/#breadcrumb"},"inLanguage":"fr-FR","potentialAction":[{"@type":"ReadAction","target":["https:\/\/www.meccanicadigama.com\/fr\/palettiseur-automatique-meccanica-digama\/"]}]},{"@type":"BreadcrumbList","@id":"https:\/\/www.meccanicadigama.com\/fr\/palettiseur-automatique-meccanica-digama\/#breadcrumb","itemListElement":[{"@type":"ListItem","position":1,"name":"Home","item":"https:\/\/www.meccanicadigama.com\/fr\/home\/"},{"@type":"ListItem","position":2,"name":"Robot"}]},{"@type":"WebSite","@id":"https:\/\/www.meccanicadigama.com\/fr\/#website","url":"https:\/\/www.meccanicadigama.com\/fr\/","name":"Meccanica Digama","description":"Macchine per l&#039;industria alimentare","potentialAction":[{"@type":"SearchAction","target":{"@type":"EntryPoint","urlTemplate":"https:\/\/www.meccanicadigama.com\/fr\/?s={search_term_string}"},"query-input":{"@type":"PropertyValueSpecification","valueRequired":true,"valueName":"search_term_string"}}],"inLanguage":"fr-FR"}]}},"_links":{"self":[{"href":"https:\/\/www.meccanicadigama.com\/fr\/wp-json\/wp\/v2\/pages\/2120","targetHints":{"allow":["GET"]}}],"collection":[{"href":"https:\/\/www.meccanicadigama.com\/fr\/wp-json\/wp\/v2\/pages"}],"about":[{"href":"https:\/\/www.meccanicadigama.com\/fr\/wp-json\/wp\/v2\/types\/page"}],"author":[{"embeddable":true,"href":"https:\/\/www.meccanicadigama.com\/fr\/wp-json\/wp\/v2\/users\/1"}],"replies":[{"embeddable":true,"href":"https:\/\/www.meccanicadigama.com\/fr\/wp-json\/wp\/v2\/comments?post=2120"}],"version-history":[{"count":13,"href":"https:\/\/www.meccanicadigama.com\/fr\/wp-json\/wp\/v2\/pages\/2120\/revisions"}],"predecessor-version":[{"id":4141,"href":"https:\/\/www.meccanicadigama.com\/fr\/wp-json\/wp\/v2\/pages\/2120\/revisions\/4141"}],"wp:attachment":[{"href":"https:\/\/www.meccanicadigama.com\/fr\/wp-json\/wp\/v2\/media?parent=2120"}],"curies":[{"name":"wp","href":"https:\/\/api.w.org\/{rel}","templated":true}]}}