{"id":1916,"date":"2023-10-05T14:47:38","date_gmt":"2023-10-05T12:47:38","guid":{"rendered":"http:\/\/digama.wp4.mtncompany.cloud\/tomates\/cuve-de-premier-lavage\/"},"modified":"2025-04-11T11:34:16","modified_gmt":"2025-04-11T09:34:16","slug":"vasca-defangatrice","status":"publish","type":"page","link":"https:\/\/www.meccanicadigama.com\/fr\/vasca-defangatrice\/","title":{"rendered":"Cuve de premi\u00e8r lavage &#8211; Ligne de tomates"},"content":{"rendered":"\n<style type=\"text\/css\" data-created_by=\"avia_inline_auto\" id=\"style-css-av-lnd4mk03-8804f31a054c9f56cac2c333188ead2c\">\n#top .av-special-heading.av-lnd4mk03-8804f31a054c9f56cac2c333188ead2c{\npadding-bottom:10px;\nfont-size:32px;\n}\nbody .av-special-heading.av-lnd4mk03-8804f31a054c9f56cac2c333188ead2c .av-special-heading-tag .heading-char{\nfont-size:25px;\n}\n#top #wrap_all .av-special-heading.av-lnd4mk03-8804f31a054c9f56cac2c333188ead2c .av-special-heading-tag{\nfont-size:32px;\n}\n.av-special-heading.av-lnd4mk03-8804f31a054c9f56cac2c333188ead2c .av-subheading{\nfont-size:15px;\n}\n\n@media only screen and (min-width: 480px) and (max-width: 767px){ \n#top #wrap_all .av-special-heading.av-lnd4mk03-8804f31a054c9f56cac2c333188ead2c .av-special-heading-tag{\nfont-size:0.8em;\n}\n}\n\n@media only screen and (max-width: 479px){ \n#top #wrap_all .av-special-heading.av-lnd4mk03-8804f31a054c9f56cac2c333188ead2c .av-special-heading-tag{\nfont-size:0.8em;\n}\n}\n<\/style>\n<div  class='av-special-heading av-lnd4mk03-8804f31a054c9f56cac2c333188ead2c av-special-heading-h1 blockquote modern-quote  avia-builder-el-0  el_before_av_slideshow  avia-builder-el-first  av-thin-font av-inherit-size'><h1 class='av-special-heading-tag'  itemprop=\"headline\"  ><strong>Cuve de premi\u00e8r lavage<\/strong><\/h1><div class=\"special-heading-border\"><div class=\"special-heading-inner-border\"><\/div><\/div><\/div>\n<div  class='avia-slideshow av-lnd5a5bb-be965c6344e6aacf9b6de9003da49bb8 avia-slideshow-featured_large av_slideshow avia-slide-slider  avia-builder-el-1  el_after_av_heading  el_before_av_textblock  av-slideshow-ui av-control-default av-nav-arrows-visible av-nav-dots-visible av-slideshow-manual av-loop-once av-loop-manual-endless av-default-height-applied avia-slideshow-1' data-slideshow-options=\"{&quot;animation&quot;:&quot;slide&quot;,&quot;autoplay&quot;:false,&quot;loop_autoplay&quot;:&quot;once&quot;,&quot;interval&quot;:5,&quot;loop_manual&quot;:&quot;manual-endless&quot;,&quot;autoplay_stopper&quot;:false,&quot;noNavigation&quot;:false,&quot;bg_slider&quot;:false,&quot;keep_padding&quot;:false,&quot;hoverpause&quot;:false,&quot;show_slide_delay&quot;:0}\"  itemprop=\"image\" itemscope=\"itemscope\" itemtype=\"https:\/\/schema.org\/ImageObject\" ><ul class='avia-slideshow-inner ' style='padding-bottom: 42%;'><li  class='avia-slideshow-slide av-lnd5a5bb-be965c6344e6aacf9b6de9003da49bb8__0  slide-1 slide-odd'><a href=\"https:\/\/www.meccanicadigama.com\/wp-content\/uploads\/2023\/10\/Digama-vasca-defangatrice-02-1030x771.jpg\" data-srcset=\"https:\/\/www.meccanicadigama.com\/wp-content\/uploads\/2023\/10\/Digama-vasca-defangatrice-02-1030x771.jpg 1030w, https:\/\/www.meccanicadigama.com\/wp-content\/uploads\/2023\/10\/Digama-vasca-defangatrice-02-300x225.jpg 300w, https:\/\/www.meccanicadigama.com\/wp-content\/uploads\/2023\/10\/Digama-vasca-defangatrice-02-768x575.jpg 768w, https:\/\/www.meccanicadigama.com\/wp-content\/uploads\/2023\/10\/Digama-vasca-defangatrice-02-1536x1150.jpg 1536w, https:\/\/www.meccanicadigama.com\/wp-content\/uploads\/2023\/10\/Digama-vasca-defangatrice-02-1500x1123.jpg 1500w, https:\/\/www.meccanicadigama.com\/wp-content\/uploads\/2023\/10\/Digama-vasca-defangatrice-02-705x528.jpg 705w, https:\/\/www.meccanicadigama.com\/wp-content\/uploads\/2023\/10\/Digama-vasca-defangatrice-02.jpg 1920w\" data-sizes=\"(max-width: 1030px) 100vw, 1030px\"  data-rel='slideshow-1' class='avia-slide-wrap '   ><img decoding=\"async\" class=\"wp-image-527 avia-img-lazy-loading-not-527\"  src=\"https:\/\/www.meccanicadigama.com\/wp-content\/uploads\/2023\/10\/Digama-vasca-defangatrice-02-1500x630.jpg\" width=\"1500\" height=\"630\" title='Digama-vasca-defangatrice-02' alt=''  itemprop=\"thumbnailUrl\"   \/><\/a><\/li><li  class='avia-slideshow-slide av-lnd5a5bb-be965c6344e6aacf9b6de9003da49bb8__1  slide-2 slide-even'><a href=\"https:\/\/www.meccanicadigama.com\/wp-content\/uploads\/2023\/10\/Digama_vasca-defangatrice02-scaled-1-1030x687.jpg\" data-srcset=\"https:\/\/www.meccanicadigama.com\/wp-content\/uploads\/2023\/10\/Digama_vasca-defangatrice02-scaled-1-1030x687.jpg 1030w, https:\/\/www.meccanicadigama.com\/wp-content\/uploads\/2023\/10\/Digama_vasca-defangatrice02-scaled-1-300x200.jpg 300w, https:\/\/www.meccanicadigama.com\/wp-content\/uploads\/2023\/10\/Digama_vasca-defangatrice02-scaled-1-768x512.jpg 768w, https:\/\/www.meccanicadigama.com\/wp-content\/uploads\/2023\/10\/Digama_vasca-defangatrice02-scaled-1-1536x1024.jpg 1536w, https:\/\/www.meccanicadigama.com\/wp-content\/uploads\/2023\/10\/Digama_vasca-defangatrice02-scaled-1-2048x1366.jpg 2048w, https:\/\/www.meccanicadigama.com\/wp-content\/uploads\/2023\/10\/Digama_vasca-defangatrice02-scaled-1-1500x1000.jpg 1500w, https:\/\/www.meccanicadigama.com\/wp-content\/uploads\/2023\/10\/Digama_vasca-defangatrice02-scaled-1-705x470.jpg 705w\" data-sizes=\"(max-width: 1030px) 100vw, 1030px\"  data-rel='slideshow-1' class='avia-slide-wrap '   ><img decoding=\"async\" class=\"wp-image-529 avia-img-lazy-loading-not-529\"  src=\"https:\/\/www.meccanicadigama.com\/wp-content\/uploads\/2023\/10\/Digama_vasca-defangatrice02-scaled-1-1500x630.jpg\" width=\"1500\" height=\"630\" title='Digama_vasca-defangatrice02-scaled' alt=''  itemprop=\"thumbnailUrl\"   \/><\/a><\/li><li  class='avia-slideshow-slide av-lnd5a5bb-be965c6344e6aacf9b6de9003da49bb8__2  slide-3 slide-odd'><a href=\"https:\/\/www.meccanicadigama.com\/wp-content\/uploads\/2023\/10\/Digama-vasca-defangatrice-03-1030x773.jpg\" data-srcset=\"https:\/\/www.meccanicadigama.com\/wp-content\/uploads\/2023\/10\/Digama-vasca-defangatrice-03-1030x773.jpg 1030w, https:\/\/www.meccanicadigama.com\/wp-content\/uploads\/2023\/10\/Digama-vasca-defangatrice-03-300x225.jpg 300w, https:\/\/www.meccanicadigama.com\/wp-content\/uploads\/2023\/10\/Digama-vasca-defangatrice-03-768x576.jpg 768w, https:\/\/www.meccanicadigama.com\/wp-content\/uploads\/2023\/10\/Digama-vasca-defangatrice-03-1536x1152.jpg 1536w, https:\/\/www.meccanicadigama.com\/wp-content\/uploads\/2023\/10\/Digama-vasca-defangatrice-03-1500x1125.jpg 1500w, https:\/\/www.meccanicadigama.com\/wp-content\/uploads\/2023\/10\/Digama-vasca-defangatrice-03-705x529.jpg 705w, https:\/\/www.meccanicadigama.com\/wp-content\/uploads\/2023\/10\/Digama-vasca-defangatrice-03.jpg 1920w\" data-sizes=\"(max-width: 1030px) 100vw, 1030px\"  data-rel='slideshow-1' class='avia-slide-wrap '   ><img decoding=\"async\" class=\"wp-image-533 avia-img-lazy-loading-not-533\"  src=\"https:\/\/www.meccanicadigama.com\/wp-content\/uploads\/2023\/10\/Digama-vasca-defangatrice-03-1500x630.jpg\" width=\"1500\" height=\"630\" title='Digama-vasca-defangatrice-03' alt=''  itemprop=\"thumbnailUrl\"   \/><\/a><\/li><li  class='avia-slideshow-slide av-lnd5a5bb-be965c6344e6aacf9b6de9003da49bb8__3  slide-4 slide-even'><a href=\"https:\/\/www.meccanicadigama.com\/wp-content\/uploads\/2023\/10\/Digama-vasca-defangatrice-01-1030x534.jpg\" data-srcset=\"https:\/\/www.meccanicadigama.com\/wp-content\/uploads\/2023\/10\/Digama-vasca-defangatrice-01-1030x534.jpg 1030w, https:\/\/www.meccanicadigama.com\/wp-content\/uploads\/2023\/10\/Digama-vasca-defangatrice-01-300x155.jpg 300w, https:\/\/www.meccanicadigama.com\/wp-content\/uploads\/2023\/10\/Digama-vasca-defangatrice-01-768x398.jpg 768w, https:\/\/www.meccanicadigama.com\/wp-content\/uploads\/2023\/10\/Digama-vasca-defangatrice-01-1536x796.jpg 1536w, https:\/\/www.meccanicadigama.com\/wp-content\/uploads\/2023\/10\/Digama-vasca-defangatrice-01-1500x777.jpg 1500w, https:\/\/www.meccanicadigama.com\/wp-content\/uploads\/2023\/10\/Digama-vasca-defangatrice-01-705x365.jpg 705w, https:\/\/www.meccanicadigama.com\/wp-content\/uploads\/2023\/10\/Digama-vasca-defangatrice-01.jpg 1920w\" data-sizes=\"(max-width: 1030px) 100vw, 1030px\"  data-rel='slideshow-1' class='avia-slide-wrap '   ><img decoding=\"async\" class=\"wp-image-535 avia-img-lazy-loading-not-535\"  src=\"https:\/\/www.meccanicadigama.com\/wp-content\/uploads\/2023\/10\/Digama-vasca-defangatrice-01-1500x630.jpg\" width=\"1500\" height=\"630\" title='Digama-vasca-defangatrice-01' alt=''  itemprop=\"thumbnailUrl\"   \/><\/a><\/li><\/ul><div class='avia-slideshow-arrows avia-slideshow-controls' ><a href='#prev' class='prev-slide ' aria-hidden='true' data-av_icon='\ue87c' data-av_iconfont='entypo-fontello'  tabindex='-1'>Pr\u00e9c\u00e9dent<\/a><a href='#next' class='next-slide ' aria-hidden='true' data-av_icon='\ue87d' data-av_iconfont='entypo-fontello'  tabindex='-1'>Suivant<\/a><\/div><div class='avia-slideshow-dots avia-slideshow-controls'><a href='#1' class='goto-slide active' >1<\/a><a href='#2' class='goto-slide ' >2<\/a><a href='#3' class='goto-slide ' >3<\/a><a href='#4' class='goto-slide ' >4<\/a><\/div><\/div>\n<section  class='av_textblock_section av-lnd4myzo-368c09460f39fd9ca255636c518da05b '   itemscope=\"itemscope\" itemtype=\"https:\/\/schema.org\/CreativeWork\" ><div class='avia_textblock'  itemprop=\"text\" ><p>Fabriqu\u00e9 enti\u00e8rement en acier AISI 304 de 3 mm d&rsquo;\u00e9paisseur, le bac de s\u00e9paration des salet\u00e9s <strong>Digama<\/strong> garantit un premier nettoyage de la tomate, en \u00e9liminant la boue et les cailloux gr\u00e2ce \u00e0 un syst\u00e8me de grilles et de grattoirs. La boue est expuls\u00e9e du c\u00f4t\u00e9 motoris\u00e9, tandis que les pierres sont expuls\u00e9es du c\u00f4t\u00e9 mobile. La tomate propre est ensuite pouss\u00e9e dans un convoyeur via un flux d&rsquo;eau. La longueur utile est construite selon les besoins du client et varie de 5 \u00e0 18 m.<\/p>\n<p>Capacit\u00e9 de production jusqu&rsquo;\u00e0 125 tonnes\/h<\/p>\n<\/div><\/section>\n<div  class='hr av-33gk-c9372844e83e6392c5080554f98a266e hr-default  avia-builder-el-3  el_after_av_textblock  el_before_av_textblock '><span class='hr-inner '><span class=\"hr-inner-style\"><\/span><\/span><\/div>\n<section  class='av_textblock_section av-lnd4zpgy-3b785876f644e5d75377bd45f0b0f496 '   itemscope=\"itemscope\" itemtype=\"https:\/\/schema.org\/CreativeWork\" ><div class='avia_textblock'  itemprop=\"text\" >\n<div class=\"wpcf7 no-js\" id=\"wpcf7-f2455-o1\" lang=\"fr-FR\" dir=\"ltr\" data-wpcf7-id=\"2455\">\n<div class=\"screen-reader-response\"><p role=\"status\" aria-live=\"polite\" aria-atomic=\"true\"><\/p> <ul><\/ul><\/div>\n<form action=\"\/fr\/wp-json\/wp\/v2\/pages\/1916#wpcf7-f2455-o1\" method=\"post\" class=\"wpcf7-form init\" aria-label=\"Formulaire de contact\" novalidate=\"novalidate\" data-status=\"init\">\n<fieldset class=\"hidden-fields-container\"><input type=\"hidden\" name=\"_wpcf7\" value=\"2455\" \/><input type=\"hidden\" name=\"_wpcf7_version\" value=\"6.1.3\" \/><input type=\"hidden\" name=\"_wpcf7_locale\" value=\"fr_FR\" \/><input type=\"hidden\" name=\"_wpcf7_unit_tag\" value=\"wpcf7-f2455-o1\" \/><input type=\"hidden\" name=\"_wpcf7_container_post\" value=\"0\" \/><input type=\"hidden\" name=\"_wpcf7_posted_data_hash\" value=\"\" \/>\n<\/fieldset>\n<h2 class=\"head-form\">Personnalisez les machines selon vos besoins.<br \/>\nContactez-nous!\n<\/h2>\n<p><span id=\"wpcf7-69e48b4bb5e44-wrapper\" class=\"wpcf7-form-control-wrap azienda-wrap\" style=\"display:none !important; visibility:hidden !important;\"><label for=\"azienda\" class=\"hp-message\">Veuillez laisser ce champ vide.<\/label><input id=\"azienda\"  class=\"wpcf7-form-control wpcf7-text\" type=\"text\" name=\"azienda\" value=\"\" size=\"40\" tabindex=\"-1\" autocomplete=\"new-password\" \/><\/span><br \/>\n<span class=\"wpcf7-form-control-wrap\" data-name=\"your-name\"><input size=\"40\" maxlength=\"400\" class=\"wpcf7-form-control wpcf7-text wpcf7-validates-as-required\" autocomplete=\"name\" aria-required=\"true\" aria-invalid=\"false\" placeholder=\"Pr\u00e9nom\" value=\"\" type=\"text\" name=\"your-name\" \/><\/span><br \/>\n<span class=\"wpcf7-form-control-wrap\" data-name=\"your-surname\"><input size=\"40\" maxlength=\"400\" class=\"wpcf7-form-control wpcf7-text wpcf7-validates-as-required\" autocomplete=\"surname\" aria-required=\"true\" aria-invalid=\"false\" placeholder=\"Nom\" value=\"\" type=\"text\" name=\"your-surname\" \/><\/span><br \/>\n<span class=\"wpcf7-form-control-wrap\" data-name=\"your-email\"><input size=\"40\" maxlength=\"400\" class=\"wpcf7-form-control wpcf7-email wpcf7-validates-as-required wpcf7-text wpcf7-validates-as-email\" autocomplete=\"email\" aria-required=\"true\" aria-invalid=\"false\" placeholder=\"Email\" value=\"\" type=\"email\" name=\"your-email\" \/><\/span><br \/>\n<span class=\"wpcf7-form-control-wrap\" data-name=\"your-tel\"><input size=\"40\" maxlength=\"400\" class=\"wpcf7-form-control wpcf7-tel wpcf7-validates-as-required wpcf7-text wpcf7-validates-as-tel\" aria-required=\"true\" aria-invalid=\"false\" placeholder=\"T\u00e9l\u00e9phone\" value=\"\" type=\"tel\" name=\"your-tel\" \/><\/span><br \/>\n<span class=\"wpcf7-form-control-wrap\" data-name=\"your-message\"><textarea cols=\"40\" rows=\"10\" maxlength=\"2000\" class=\"wpcf7-form-control wpcf7-textarea\" aria-invalid=\"false\" placeholder=\"Votre message\" name=\"your-message\"><\/textarea><\/span>\n<\/p>\n<p><span class=\"wpcf7-form-control-wrap\" data-name=\"acceptance-152\"><span class=\"wpcf7-form-control wpcf7-acceptance\"><span class=\"wpcf7-list-item\"><label><input type=\"checkbox\" name=\"acceptance-152\" value=\"1\" aria-invalid=\"false\" \/><span class=\"wpcf7-list-item-label\">Je d\u00e9clare avoir lu attentivement et compris le contenu de la\u00a0<a href=\"\/privacy-policy\/\" target=\"_blank\" rel=\"noopener\">Politique de confidentialit\u00e9<\/a>\u00a0en relation avec les finalit\u00e9s poursuivies par l'acquisition des donn\u00e9es personnelles n\u00e9cessaires pour l'ex\u00e9cution des services objet du service fourni.<\/span><\/label><\/span><\/span><\/span>\n<\/p>\n<p><input type=\"hidden\" name=\"_wpcf7_captcha_challenge_captcha-1\" value=\"1166189546\" \/><img loading=\"lazy\" decoding=\"async\" class=\"wpcf7-form-control wpcf7-captchac wpcf7-captcha-captcha-1\" width=\"72\" height=\"24\" alt=\"captcha\" src=\"https:\/\/www.meccanicadigama.com\/wp-content\/uploads\/wpcf7_captcha\/1166189546.png\" \/><span class=\"wpcf7-form-control-wrap\" data-name=\"captcha-1\"><input size=\"40\" class=\"wpcf7-form-control wpcf7-captchar\" autocomplete=\"off\" aria-invalid=\"false\" value=\"\" type=\"text\" name=\"captcha-1\" \/><\/span><br \/>\n<input class=\"wpcf7-form-control wpcf7-submit has-spinner\" id=\"sendform\" type=\"submit\" value=\"Envoyer\" \/>\n<\/p><div class=\"wpcf7-response-output\" aria-hidden=\"true\"><\/div>\n<\/form>\n<\/div>\n\n<\/div><\/section>\n","protected":false},"excerpt":{"rendered":"","protected":false},"author":1,"featured_media":0,"parent":0,"menu_order":10,"comment_status":"closed","ping_status":"closed","template":"","meta":{"footnotes":""},"class_list":["post-1916","page","type-page","status-publish","hentry"],"yoast_head":"<!-- This site is optimized with the Yoast SEO plugin v26.3 - https:\/\/yoast.com\/wordpress\/plugins\/seo\/ -->\n<title>Cuve de premi\u00e8r lavage - Ligne de tomates - Meccanica Digama<\/title>\n<meta name=\"robots\" content=\"index, follow, max-snippet:-1, max-image-preview:large, max-video-preview:-1\" \/>\n<link rel=\"canonical\" href=\"https:\/\/www.meccanicadigama.com\/fr\/vasca-defangatrice\/\" \/>\n<meta property=\"og:locale\" content=\"fr_FR\" \/>\n<meta property=\"og:type\" content=\"article\" \/>\n<meta property=\"og:title\" content=\"Cuve de premi\u00e8r lavage - Ligne de tomates - Meccanica Digama\" \/>\n<meta property=\"og:url\" content=\"https:\/\/www.meccanicadigama.com\/fr\/vasca-defangatrice\/\" \/>\n<meta property=\"og:site_name\" content=\"Meccanica Digama\" \/>\n<meta property=\"article:modified_time\" content=\"2025-04-11T09:34:16+00:00\" \/>\n<meta name=\"twitter:card\" content=\"summary_large_image\" \/>\n<meta name=\"twitter:label1\" content=\"Dur\u00e9e de lecture estim\u00e9e\" \/>\n\t<meta name=\"twitter:data1\" content=\"3 minutes\" \/>\n<script type=\"application\/ld+json\" class=\"yoast-schema-graph\">{\"@context\":\"https:\/\/schema.org\",\"@graph\":[{\"@type\":\"WebPage\",\"@id\":\"https:\/\/www.meccanicadigama.com\/fr\/vasca-defangatrice\/\",\"url\":\"https:\/\/www.meccanicadigama.com\/fr\/vasca-defangatrice\/\",\"name\":\"Cuve de premi\u00e8r lavage - Ligne de tomates - Meccanica Digama\",\"isPartOf\":{\"@id\":\"https:\/\/www.meccanicadigama.com\/fr\/#website\"},\"datePublished\":\"2023-10-05T12:47:38+00:00\",\"dateModified\":\"2025-04-11T09:34:16+00:00\",\"breadcrumb\":{\"@id\":\"https:\/\/www.meccanicadigama.com\/fr\/vasca-defangatrice\/#breadcrumb\"},\"inLanguage\":\"fr-FR\",\"potentialAction\":[{\"@type\":\"ReadAction\",\"target\":[\"https:\/\/www.meccanicadigama.com\/fr\/vasca-defangatrice\/\"]}]},{\"@type\":\"BreadcrumbList\",\"@id\":\"https:\/\/www.meccanicadigama.com\/fr\/vasca-defangatrice\/#breadcrumb\",\"itemListElement\":[{\"@type\":\"ListItem\",\"position\":1,\"name\":\"Home\",\"item\":\"https:\/\/www.meccanicadigama.com\/fr\/home\/\"},{\"@type\":\"ListItem\",\"position\":2,\"name\":\"Cuve de premi\u00e8r lavage &#8211; Ligne de tomates\"}]},{\"@type\":\"WebSite\",\"@id\":\"https:\/\/www.meccanicadigama.com\/fr\/#website\",\"url\":\"https:\/\/www.meccanicadigama.com\/fr\/\",\"name\":\"Meccanica Digama\",\"description\":\"Macchine per l&#039;industria alimentare\",\"potentialAction\":[{\"@type\":\"SearchAction\",\"target\":{\"@type\":\"EntryPoint\",\"urlTemplate\":\"https:\/\/www.meccanicadigama.com\/fr\/?s={search_term_string}\"},\"query-input\":{\"@type\":\"PropertyValueSpecification\",\"valueRequired\":true,\"valueName\":\"search_term_string\"}}],\"inLanguage\":\"fr-FR\"}]}<\/script>\n<!-- \/ Yoast SEO plugin. -->","yoast_head_json":{"title":"Cuve de premi\u00e8r lavage - Ligne de tomates - Meccanica Digama","robots":{"index":"index","follow":"follow","max-snippet":"max-snippet:-1","max-image-preview":"max-image-preview:large","max-video-preview":"max-video-preview:-1"},"canonical":"https:\/\/www.meccanicadigama.com\/fr\/vasca-defangatrice\/","og_locale":"fr_FR","og_type":"article","og_title":"Cuve de premi\u00e8r lavage - Ligne de tomates - Meccanica Digama","og_url":"https:\/\/www.meccanicadigama.com\/fr\/vasca-defangatrice\/","og_site_name":"Meccanica Digama","article_modified_time":"2025-04-11T09:34:16+00:00","twitter_card":"summary_large_image","twitter_misc":{"Dur\u00e9e de lecture estim\u00e9e":"3 minutes"},"schema":{"@context":"https:\/\/schema.org","@graph":[{"@type":"WebPage","@id":"https:\/\/www.meccanicadigama.com\/fr\/vasca-defangatrice\/","url":"https:\/\/www.meccanicadigama.com\/fr\/vasca-defangatrice\/","name":"Cuve de premi\u00e8r lavage - Ligne de tomates - Meccanica Digama","isPartOf":{"@id":"https:\/\/www.meccanicadigama.com\/fr\/#website"},"datePublished":"2023-10-05T12:47:38+00:00","dateModified":"2025-04-11T09:34:16+00:00","breadcrumb":{"@id":"https:\/\/www.meccanicadigama.com\/fr\/vasca-defangatrice\/#breadcrumb"},"inLanguage":"fr-FR","potentialAction":[{"@type":"ReadAction","target":["https:\/\/www.meccanicadigama.com\/fr\/vasca-defangatrice\/"]}]},{"@type":"BreadcrumbList","@id":"https:\/\/www.meccanicadigama.com\/fr\/vasca-defangatrice\/#breadcrumb","itemListElement":[{"@type":"ListItem","position":1,"name":"Home","item":"https:\/\/www.meccanicadigama.com\/fr\/home\/"},{"@type":"ListItem","position":2,"name":"Cuve de premi\u00e8r lavage &#8211; Ligne de tomates"}]},{"@type":"WebSite","@id":"https:\/\/www.meccanicadigama.com\/fr\/#website","url":"https:\/\/www.meccanicadigama.com\/fr\/","name":"Meccanica Digama","description":"Macchine per l&#039;industria alimentare","potentialAction":[{"@type":"SearchAction","target":{"@type":"EntryPoint","urlTemplate":"https:\/\/www.meccanicadigama.com\/fr\/?s={search_term_string}"},"query-input":{"@type":"PropertyValueSpecification","valueRequired":true,"valueName":"search_term_string"}}],"inLanguage":"fr-FR"}]}},"_links":{"self":[{"href":"https:\/\/www.meccanicadigama.com\/fr\/wp-json\/wp\/v2\/pages\/1916","targetHints":{"allow":["GET"]}}],"collection":[{"href":"https:\/\/www.meccanicadigama.com\/fr\/wp-json\/wp\/v2\/pages"}],"about":[{"href":"https:\/\/www.meccanicadigama.com\/fr\/wp-json\/wp\/v2\/types\/page"}],"author":[{"embeddable":true,"href":"https:\/\/www.meccanicadigama.com\/fr\/wp-json\/wp\/v2\/users\/1"}],"replies":[{"embeddable":true,"href":"https:\/\/www.meccanicadigama.com\/fr\/wp-json\/wp\/v2\/comments?post=1916"}],"version-history":[{"count":15,"href":"https:\/\/www.meccanicadigama.com\/fr\/wp-json\/wp\/v2\/pages\/1916\/revisions"}],"predecessor-version":[{"id":4152,"href":"https:\/\/www.meccanicadigama.com\/fr\/wp-json\/wp\/v2\/pages\/1916\/revisions\/4152"}],"wp:attachment":[{"href":"https:\/\/www.meccanicadigama.com\/fr\/wp-json\/wp\/v2\/media?parent=1916"}],"curies":[{"name":"wp","href":"https:\/\/api.w.org\/{rel}","templated":true}]}}