{"id":1796,"date":"2023-10-03T12:00:40","date_gmt":"2023-10-03T10:00:40","guid":{"rendered":"http:\/\/digama.wp4.mtncompany.cloud\/contacts\/"},"modified":"2026-03-27T15:33:20","modified_gmt":"2026-03-27T14:33:20","slug":"contacts","status":"publish","type":"page","link":"https:\/\/www.meccanicadigama.com\/fr\/contacts\/","title":{"rendered":"Contacts"},"content":{"rendered":"<div id='av_section_1'  class='avia-section av-lna98rdm-63133d551ae6f598ac2d86baed7bd4d7 main_color avia-section-no-padding avia-no-border-styling  avia-builder-el-0  el_before_av_two_third  avia-builder-el-first  fluid avia-bg-style-scroll av-minimum-height av-minimum-height-custom av-height-custom  container_wrap sidebar_right'   data-av_minimum_height_px='630'><div class='container av-section-cont-open' style='height:630px'><main  role=\"main\" itemprop=\"mainContentOfPage\"  class='template-page content  av-content-small alpha units'><div class='post-entry post-entry-type-page post-entry-1796'><div class='entry-content-wrapper clearfix'>\n\n<\/div><\/div><\/main><!-- close content main element --><\/div><\/div><div id='after_section_1'  class='main_color av_default_container_wrap container_wrap sidebar_right'  ><div class='container av-section-cont-open' ><div class='template-page content  av-content-small alpha units'><div class='post-entry post-entry-type-page post-entry-1796'><div class='entry-content-wrapper clearfix'>\n<style type=\"text\/css\" data-created_by=\"avia_inline_auto\" id=\"style-css-av-9fex7-5c66e21616b91e80edc1a946d80a4f04\">\n.flex_column.av-9fex7-5c66e21616b91e80edc1a946d80a4f04{\nborder-radius:0px 0px 0px 0px;\npadding:0px 0px 0px 0px;\n}\n<\/style>\n<div  id=\"colonna_sx_cont\"  class='flex_column av-9fex7-5c66e21616b91e80edc1a946d80a4f04 av_two_third  avia-builder-el-2  el_after_av_section  el_before_av_one_third  avia-builder-el-first  first flex_column_div av-animated-generic bottom-to-top av-zero-column-padding  '     ><section  class='av_textblock_section av-lnd1mj7m-f97c7d8827053eb9220acf9c4648cb52 '   itemscope=\"itemscope\" itemtype=\"https:\/\/schema.org\/CreativeWork\" ><div class='avia_textblock'  itemprop=\"text\" >\n<div class=\"wpcf7 no-js\" id=\"wpcf7-f2457-o1\" lang=\"fr-FR\" dir=\"ltr\" data-wpcf7-id=\"2457\">\n<div class=\"screen-reader-response\"><p role=\"status\" aria-live=\"polite\" aria-atomic=\"true\"><\/p> <ul><\/ul><\/div>\n<form action=\"\/fr\/wp-json\/wp\/v2\/pages\/1796#wpcf7-f2457-o1\" method=\"post\" class=\"wpcf7-form init\" aria-label=\"Formulaire de contact\" novalidate=\"novalidate\" data-status=\"init\">\n<fieldset class=\"hidden-fields-container\"><input type=\"hidden\" name=\"_wpcf7\" value=\"2457\" \/><input type=\"hidden\" name=\"_wpcf7_version\" value=\"6.1.3\" \/><input type=\"hidden\" name=\"_wpcf7_locale\" value=\"fr_FR\" \/><input type=\"hidden\" name=\"_wpcf7_unit_tag\" value=\"wpcf7-f2457-o1\" \/><input type=\"hidden\" name=\"_wpcf7_container_post\" value=\"0\" \/><input type=\"hidden\" name=\"_wpcf7_posted_data_hash\" value=\"\" \/>\n<\/fieldset>\n<p><span id=\"wpcf7-69d8ffc9f1384-wrapper\" class=\"wpcf7-form-control-wrap azienda-wrap\" style=\"display:none !important; visibility:hidden !important;\"><label for=\"azienda\" class=\"hp-message\">Veuillez laisser ce champ vide.<\/label><input id=\"azienda\"  class=\"wpcf7-form-control wpcf7-text\" type=\"text\" name=\"azienda\" value=\"\" size=\"40\" tabindex=\"-1\" autocomplete=\"new-password\" \/><\/span><br \/>\n<span class=\"wpcf7-form-control-wrap\" data-name=\"your-name\"><input size=\"40\" maxlength=\"400\" class=\"wpcf7-form-control wpcf7-text wpcf7-validates-as-required\" autocomplete=\"name\" aria-required=\"true\" aria-invalid=\"false\" placeholder=\"Prenom\" value=\"\" type=\"text\" name=\"your-name\" \/><\/span><br \/>\n<span class=\"wpcf7-form-control-wrap\" data-name=\"your-surname\"><input size=\"40\" maxlength=\"400\" class=\"wpcf7-form-control wpcf7-text wpcf7-validates-as-required\" autocomplete=\"surname\" aria-required=\"true\" aria-invalid=\"false\" placeholder=\"Nom\" value=\"\" type=\"text\" name=\"your-surname\" \/><\/span><br \/>\n<span class=\"wpcf7-form-control-wrap\" data-name=\"your-email\"><input size=\"40\" maxlength=\"400\" class=\"wpcf7-form-control wpcf7-email wpcf7-validates-as-required wpcf7-text wpcf7-validates-as-email\" autocomplete=\"email\" aria-required=\"true\" aria-invalid=\"false\" placeholder=\"Email\" value=\"\" type=\"email\" name=\"your-email\" \/><\/span><br \/>\n<span class=\"wpcf7-form-control-wrap\" data-name=\"your-tel\"><input size=\"40\" maxlength=\"400\" class=\"wpcf7-form-control wpcf7-tel wpcf7-validates-as-required wpcf7-text wpcf7-validates-as-tel\" aria-required=\"true\" aria-invalid=\"false\" placeholder=\"T\u00e9l\u00e9phone\" value=\"\" type=\"tel\" name=\"your-tel\" \/><\/span><br \/>\n<span class=\"wpcf7-form-control-wrap\" data-name=\"your-message\"><textarea cols=\"40\" rows=\"10\" maxlength=\"2000\" class=\"wpcf7-form-control wpcf7-textarea\" aria-invalid=\"false\" placeholder=\"Votre message\" name=\"your-message\"><\/textarea><\/span>\n<\/p>\n<p><span class=\"wpcf7-form-control-wrap\" data-name=\"acceptance-152\"><span class=\"wpcf7-form-control wpcf7-acceptance\"><span class=\"wpcf7-list-item\"><label><input type=\"checkbox\" name=\"acceptance-152\" value=\"1\" aria-invalid=\"false\" \/><span class=\"wpcf7-list-item-label\">Je d\u00e9clare avoir lu attentivement et compris le contenu de la\u00a0<a href=\"\/privacy-policy\/\" target=\"_blank\" rel=\"noopener\">Politique de confidentialit\u00e9<\/a>\u00a0en relation avec les finalit\u00e9s poursuivies par l'acquisition des donn\u00e9es personnelles n\u00e9cessaires pour l'ex\u00e9cution des services objet du service fourni.<\/span><\/label><\/span><\/span><\/span>\n<\/p>\n<p><input type=\"hidden\" name=\"_wpcf7_captcha_challenge_captcha-1\" value=\"2000520220\" \/><img loading=\"lazy\" decoding=\"async\" class=\"wpcf7-form-control wpcf7-captchac wpcf7-captcha-captcha-1\" width=\"72\" height=\"24\" alt=\"captcha\" src=\"https:\/\/www.meccanicadigama.com\/wp-content\/uploads\/wpcf7_captcha\/2000520220.png\" \/><span class=\"wpcf7-form-control-wrap\" data-name=\"captcha-1\"><input size=\"40\" class=\"wpcf7-form-control wpcf7-captchar\" autocomplete=\"off\" aria-invalid=\"false\" value=\"\" type=\"text\" name=\"captcha-1\" \/><\/span>\n<\/p>\n<p><input class=\"wpcf7-form-control wpcf7-submit has-spinner\" id=\"sendform\" type=\"submit\" value=\"Contactez-nous\" \/>\n<\/p><div class=\"wpcf7-response-output\" aria-hidden=\"true\"><\/div>\n<\/form>\n<\/div>\n\n<\/div><\/section><\/div><\/p>\n\n<style type=\"text\/css\" data-created_by=\"avia_inline_auto\" id=\"style-css-av-3vu4f-8b87c1b0e2eae1dc80a39aa2b1d94c3c\">\n.flex_column.av-3vu4f-8b87c1b0e2eae1dc80a39aa2b1d94c3c{\nborder-radius:0px 0px 0px 0px;\npadding:0px 0px 0px 0px;\n}\n<\/style>\n<div  id=\"colonna_dx_cont\"  class='flex_column av-3vu4f-8b87c1b0e2eae1dc80a39aa2b1d94c3c av_one_third  avia-builder-el-4  el_after_av_two_third  avia-builder-el-last  flex_column_div av-animated-generic bottom-to-top av-zero-column-padding  '     ><p>\n<style type=\"text\/css\" data-created_by=\"avia_inline_auto\" id=\"style-css-av-3fcu3-c3267460b65baa80b02d58b5c0cad5d0\">\n#top .av-special-heading.av-3fcu3-c3267460b65baa80b02d58b5c0cad5d0{\npadding-bottom:0;\n}\nbody .av-special-heading.av-3fcu3-c3267460b65baa80b02d58b5c0cad5d0 .av-special-heading-tag .heading-char{\nfont-size:25px;\n}\n.av-special-heading.av-3fcu3-c3267460b65baa80b02d58b5c0cad5d0 .av-subheading{\nfont-size:15px;\n}\n<\/style>\n<div  class='av-special-heading av-3fcu3-c3267460b65baa80b02d58b5c0cad5d0 av-special-heading-h1 blockquote modern-quote  avia-builder-el-5  el_before_av_textblock  avia-builder-el-first  av-thin-font'><h1 class='av-special-heading-tag'  itemprop=\"headline\"  ><strong>DIGAMA<\/strong><\/h1><div class=\"special-heading-border\"><div class=\"special-heading-inner-border\"><\/div><\/div><\/div><br \/>\n<section  class='av_textblock_section av-15z1v-558cb847095e8b56f64a6cc550a4f78f '   itemscope=\"itemscope\" itemtype=\"https:\/\/schema.org\/CreativeWork\" ><div class='avia_textblock'  itemprop=\"text\" ><p>Via Oreste Forgione,26<br \/>\n84010 San Valentino Torio (SA)<br \/>\nT\u00e9l. +39 081 92 39 48<br \/>\nFax +39 081 92 10 671<br \/>\ninfo@digama.it<\/p>\n<\/div><\/section><\/p><\/div>\n","protected":false},"excerpt":{"rendered":"","protected":false},"author":1,"featured_media":0,"parent":0,"menu_order":0,"comment_status":"closed","ping_status":"closed","template":"","meta":{"footnotes":""},"class_list":["post-1796","page","type-page","status-publish","hentry"],"yoast_head":"<!-- This site is optimized with the Yoast SEO plugin v26.3 - https:\/\/yoast.com\/wordpress\/plugins\/seo\/ -->\n<title>Contacts - Meccanica Digama<\/title>\n<meta name=\"robots\" content=\"index, follow, max-snippet:-1, max-image-preview:large, max-video-preview:-1\" \/>\n<link rel=\"canonical\" href=\"https:\/\/www.meccanicadigama.com\/fr\/contacts\/\" \/>\n<meta property=\"og:locale\" content=\"fr_FR\" \/>\n<meta property=\"og:type\" content=\"article\" \/>\n<meta property=\"og:title\" content=\"Contacts - Meccanica Digama\" \/>\n<meta property=\"og:url\" content=\"https:\/\/www.meccanicadigama.com\/fr\/contacts\/\" \/>\n<meta property=\"og:site_name\" content=\"Meccanica Digama\" \/>\n<meta property=\"article:modified_time\" content=\"2026-03-27T14:33:20+00:00\" \/>\n<meta name=\"twitter:card\" content=\"summary_large_image\" \/>\n<meta name=\"twitter:label1\" content=\"Dur\u00e9e de lecture estim\u00e9e\" \/>\n\t<meta name=\"twitter:data1\" content=\"1 minute\" \/>\n<script type=\"application\/ld+json\" class=\"yoast-schema-graph\">{\"@context\":\"https:\/\/schema.org\",\"@graph\":[{\"@type\":\"WebPage\",\"@id\":\"https:\/\/www.meccanicadigama.com\/fr\/contacts\/\",\"url\":\"https:\/\/www.meccanicadigama.com\/fr\/contacts\/\",\"name\":\"Contacts - Meccanica Digama\",\"isPartOf\":{\"@id\":\"https:\/\/www.meccanicadigama.com\/fr\/#website\"},\"datePublished\":\"2023-10-03T10:00:40+00:00\",\"dateModified\":\"2026-03-27T14:33:20+00:00\",\"breadcrumb\":{\"@id\":\"https:\/\/www.meccanicadigama.com\/fr\/contacts\/#breadcrumb\"},\"inLanguage\":\"fr-FR\",\"potentialAction\":[{\"@type\":\"ReadAction\",\"target\":[\"https:\/\/www.meccanicadigama.com\/fr\/contacts\/\"]}]},{\"@type\":\"BreadcrumbList\",\"@id\":\"https:\/\/www.meccanicadigama.com\/fr\/contacts\/#breadcrumb\",\"itemListElement\":[{\"@type\":\"ListItem\",\"position\":1,\"name\":\"Home\",\"item\":\"https:\/\/www.meccanicadigama.com\/fr\/home\/\"},{\"@type\":\"ListItem\",\"position\":2,\"name\":\"Contacts\"}]},{\"@type\":\"WebSite\",\"@id\":\"https:\/\/www.meccanicadigama.com\/fr\/#website\",\"url\":\"https:\/\/www.meccanicadigama.com\/fr\/\",\"name\":\"Meccanica Digama\",\"description\":\"Macchine per l&#039;industria alimentare\",\"potentialAction\":[{\"@type\":\"SearchAction\",\"target\":{\"@type\":\"EntryPoint\",\"urlTemplate\":\"https:\/\/www.meccanicadigama.com\/fr\/?s={search_term_string}\"},\"query-input\":{\"@type\":\"PropertyValueSpecification\",\"valueRequired\":true,\"valueName\":\"search_term_string\"}}],\"inLanguage\":\"fr-FR\"}]}<\/script>\n<!-- \/ Yoast SEO plugin. -->","yoast_head_json":{"title":"Contacts - Meccanica Digama","robots":{"index":"index","follow":"follow","max-snippet":"max-snippet:-1","max-image-preview":"max-image-preview:large","max-video-preview":"max-video-preview:-1"},"canonical":"https:\/\/www.meccanicadigama.com\/fr\/contacts\/","og_locale":"fr_FR","og_type":"article","og_title":"Contacts - Meccanica Digama","og_url":"https:\/\/www.meccanicadigama.com\/fr\/contacts\/","og_site_name":"Meccanica Digama","article_modified_time":"2026-03-27T14:33:20+00:00","twitter_card":"summary_large_image","twitter_misc":{"Dur\u00e9e de lecture estim\u00e9e":"1 minute"},"schema":{"@context":"https:\/\/schema.org","@graph":[{"@type":"WebPage","@id":"https:\/\/www.meccanicadigama.com\/fr\/contacts\/","url":"https:\/\/www.meccanicadigama.com\/fr\/contacts\/","name":"Contacts - Meccanica Digama","isPartOf":{"@id":"https:\/\/www.meccanicadigama.com\/fr\/#website"},"datePublished":"2023-10-03T10:00:40+00:00","dateModified":"2026-03-27T14:33:20+00:00","breadcrumb":{"@id":"https:\/\/www.meccanicadigama.com\/fr\/contacts\/#breadcrumb"},"inLanguage":"fr-FR","potentialAction":[{"@type":"ReadAction","target":["https:\/\/www.meccanicadigama.com\/fr\/contacts\/"]}]},{"@type":"BreadcrumbList","@id":"https:\/\/www.meccanicadigama.com\/fr\/contacts\/#breadcrumb","itemListElement":[{"@type":"ListItem","position":1,"name":"Home","item":"https:\/\/www.meccanicadigama.com\/fr\/home\/"},{"@type":"ListItem","position":2,"name":"Contacts"}]},{"@type":"WebSite","@id":"https:\/\/www.meccanicadigama.com\/fr\/#website","url":"https:\/\/www.meccanicadigama.com\/fr\/","name":"Meccanica Digama","description":"Macchine per l&#039;industria alimentare","potentialAction":[{"@type":"SearchAction","target":{"@type":"EntryPoint","urlTemplate":"https:\/\/www.meccanicadigama.com\/fr\/?s={search_term_string}"},"query-input":{"@type":"PropertyValueSpecification","valueRequired":true,"valueName":"search_term_string"}}],"inLanguage":"fr-FR"}]}},"_links":{"self":[{"href":"https:\/\/www.meccanicadigama.com\/fr\/wp-json\/wp\/v2\/pages\/1796","targetHints":{"allow":["GET"]}}],"collection":[{"href":"https:\/\/www.meccanicadigama.com\/fr\/wp-json\/wp\/v2\/pages"}],"about":[{"href":"https:\/\/www.meccanicadigama.com\/fr\/wp-json\/wp\/v2\/types\/page"}],"author":[{"embeddable":true,"href":"https:\/\/www.meccanicadigama.com\/fr\/wp-json\/wp\/v2\/users\/1"}],"replies":[{"embeddable":true,"href":"https:\/\/www.meccanicadigama.com\/fr\/wp-json\/wp\/v2\/comments?post=1796"}],"version-history":[{"count":8,"href":"https:\/\/www.meccanicadigama.com\/fr\/wp-json\/wp\/v2\/pages\/1796\/revisions"}],"predecessor-version":[{"id":4207,"href":"https:\/\/www.meccanicadigama.com\/fr\/wp-json\/wp\/v2\/pages\/1796\/revisions\/4207"}],"wp:attachment":[{"href":"https:\/\/www.meccanicadigama.com\/fr\/wp-json\/wp\/v2\/media?parent=1796"}],"curies":[{"name":"wp","href":"https:\/\/api.w.org\/{rel}","templated":true}]}}